{"id":4006,"date":"2012-09-26T15:52:04","date_gmt":"2012-09-26T13:52:04","guid":{"rendered":"http:\/\/www.decomat.com\/?page_id=4006"},"modified":"2012-09-26T15:52:04","modified_gmt":"2012-09-26T13:52:04","slug":"operaciones-integrales-de-contract-para-restaurantes","status":"publish","type":"page","link":"https:\/\/decomat.com\/fr\/contract\/operaciones-integrales-de-contract-colectividades\/operaciones-integrales-de-contract-para-restaurantes\/","title":{"rendered":"Op\u00e9rations compl\u00e8tes contract  pour les restaurants"},"content":{"rendered":"<p><\/p>\n<h1>Op\u00e9rations compl\u00e8tes contract\u00a0 pour les restaurants<\/h1>\n<p><\/p>","protected":false},"excerpt":{"rendered":"<p>Op\u00e9rations compl\u00e8tes contract\u00a0 pour les restaurants<\/p>\n","protected":false},"author":8979,"featured_media":0,"parent":3942,"menu_order":0,"comment_status":"open","ping_status":"closed","template":"","meta":{"_monsterinsights_skip_tracking":false,"_monsterinsights_sitenote_active":false,"_monsterinsights_sitenote_note":"","_monsterinsights_sitenote_category":0,"ngg_post_thumbnail":0,"footnotes":""},"class_list":["post-4006","page","type-page","status-publish","hentry"],"yoast_head":"<!-- This site is optimized with the Yoast SEO plugin v27.3 - https:\/\/yoast.com\/product\/yoast-seo-wordpress\/ -->\n<title>Op\u00e9rations compl\u00e8tes contract pour les restaurants - decomat<\/title>\n<meta name=\"robots\" content=\"index, follow, max-snippet:-1, max-image-preview:large, max-video-preview:-1\" \/>\n<link rel=\"canonical\" href=\"https:\/\/decomat.com\/en\/contract\/operaciones-integrales-de-contract-colectividades\/operaciones-integrales-de-contract-para-restaurantes\/\" \/>\n<meta property=\"og:locale\" content=\"fr_FR\" \/>\n<meta property=\"og:type\" content=\"article\" \/>\n<meta property=\"og:title\" content=\"Op\u00e9rations compl\u00e8tes contract pour les restaurants - decomat\" \/>\n<meta property=\"og:description\" content=\"Op\u00e9rations compl\u00e8tes contract\u00a0 pour les restaurants\" \/>\n<meta property=\"og:url\" content=\"https:\/\/decomat.com\/en\/contract\/operaciones-integrales-de-contract-colectividades\/operaciones-integrales-de-contract-para-restaurantes\/\" \/>\n<meta property=\"og:site_name\" content=\"decomat\" \/>\n<meta name=\"twitter:card\" content=\"summary_large_image\" \/>\n<script type=\"application\/ld+json\" class=\"yoast-schema-graph\">{\"@context\":\"https:\\\/\\\/schema.org\",\"@graph\":[{\"@type\":\"WebPage\",\"@id\":\"https:\\\/\\\/decomat.com\\\/en\\\/contract\\\/operaciones-integrales-de-contract-colectividades\\\/operaciones-integrales-de-contract-para-restaurantes\\\/\",\"url\":\"https:\\\/\\\/decomat.com\\\/en\\\/contract\\\/operaciones-integrales-de-contract-colectividades\\\/operaciones-integrales-de-contract-para-restaurantes\\\/\",\"name\":\"Op\u00e9rations compl\u00e8tes contract pour les restaurants - decomat\",\"isPartOf\":{\"@id\":\"https:\\\/\\\/decomat.com\\\/ca\\\/#website\"},\"datePublished\":\"2012-09-26T13:52:04+00:00\",\"breadcrumb\":{\"@id\":\"https:\\\/\\\/decomat.com\\\/en\\\/contract\\\/operaciones-integrales-de-contract-colectividades\\\/operaciones-integrales-de-contract-para-restaurantes\\\/#breadcrumb\"},\"inLanguage\":\"fr-FR\",\"potentialAction\":[{\"@type\":\"ReadAction\",\"target\":[\"https:\\\/\\\/decomat.com\\\/en\\\/contract\\\/operaciones-integrales-de-contract-colectividades\\\/operaciones-integrales-de-contract-para-restaurantes\\\/\"]}]},{\"@type\":\"BreadcrumbList\",\"@id\":\"https:\\\/\\\/decomat.com\\\/en\\\/contract\\\/operaciones-integrales-de-contract-colectividades\\\/operaciones-integrales-de-contract-para-restaurantes\\\/#breadcrumb\",\"itemListElement\":[{\"@type\":\"ListItem\",\"position\":1,\"name\":\"Portada\",\"item\":\"https:\\\/\\\/decomat.com\\\/ca\\\/\"},{\"@type\":\"ListItem\",\"position\":2,\"name\":\"Contract\",\"item\":\"https:\\\/\\\/decomat.com\\\/en\\\/contract\\\/\"},{\"@type\":\"ListItem\",\"position\":3,\"name\":\"Contract groups comprehensive operations\",\"item\":\"https:\\\/\\\/decomat.com\\\/en\\\/contract\\\/operaciones-integrales-de-contract-colectividades\\\/\"},{\"@type\":\"ListItem\",\"position\":4,\"name\":\"Comprehensive contract operations for restaurants\"}]},{\"@type\":\"WebSite\",\"@id\":\"https:\\\/\\\/decomat.com\\\/ca\\\/#website\",\"url\":\"https:\\\/\\\/decomat.com\\\/ca\\\/\",\"name\":\"decomat\",\"description\":\"Mat\u00e9riau d\u00e9coratif\",\"potentialAction\":[{\"@type\":\"SearchAction\",\"target\":{\"@type\":\"EntryPoint\",\"urlTemplate\":\"https:\\\/\\\/decomat.com\\\/ca\\\/?s={search_term_string}\"},\"query-input\":{\"@type\":\"PropertyValueSpecification\",\"valueRequired\":true,\"valueName\":\"search_term_string\"}}],\"inLanguage\":\"fr-FR\"}]}<\/script>\n<!-- \/ Yoast SEO plugin. -->","yoast_head_json":{"title":"Op\u00e9rations compl\u00e8tes contract pour les restaurants - decomat","robots":{"index":"index","follow":"follow","max-snippet":"max-snippet:-1","max-image-preview":"max-image-preview:large","max-video-preview":"max-video-preview:-1"},"canonical":"https:\/\/decomat.com\/en\/contract\/operaciones-integrales-de-contract-colectividades\/operaciones-integrales-de-contract-para-restaurantes\/","og_locale":"fr_FR","og_type":"article","og_title":"Op\u00e9rations compl\u00e8tes contract pour les restaurants - decomat","og_description":"Op\u00e9rations compl\u00e8tes contract\u00a0 pour les restaurants","og_url":"https:\/\/decomat.com\/en\/contract\/operaciones-integrales-de-contract-colectividades\/operaciones-integrales-de-contract-para-restaurantes\/","og_site_name":"decomat","twitter_card":"summary_large_image","schema":{"@context":"https:\/\/schema.org","@graph":[{"@type":"WebPage","@id":"https:\/\/decomat.com\/en\/contract\/operaciones-integrales-de-contract-colectividades\/operaciones-integrales-de-contract-para-restaurantes\/","url":"https:\/\/decomat.com\/en\/contract\/operaciones-integrales-de-contract-colectividades\/operaciones-integrales-de-contract-para-restaurantes\/","name":"Op\u00e9rations compl\u00e8tes contract pour les restaurants - decomat","isPartOf":{"@id":"https:\/\/decomat.com\/ca\/#website"},"datePublished":"2012-09-26T13:52:04+00:00","breadcrumb":{"@id":"https:\/\/decomat.com\/en\/contract\/operaciones-integrales-de-contract-colectividades\/operaciones-integrales-de-contract-para-restaurantes\/#breadcrumb"},"inLanguage":"fr-FR","potentialAction":[{"@type":"ReadAction","target":["https:\/\/decomat.com\/en\/contract\/operaciones-integrales-de-contract-colectividades\/operaciones-integrales-de-contract-para-restaurantes\/"]}]},{"@type":"BreadcrumbList","@id":"https:\/\/decomat.com\/en\/contract\/operaciones-integrales-de-contract-colectividades\/operaciones-integrales-de-contract-para-restaurantes\/#breadcrumb","itemListElement":[{"@type":"ListItem","position":1,"name":"Portada","item":"https:\/\/decomat.com\/ca\/"},{"@type":"ListItem","position":2,"name":"Contract","item":"https:\/\/decomat.com\/en\/contract\/"},{"@type":"ListItem","position":3,"name":"Contract groups comprehensive operations","item":"https:\/\/decomat.com\/en\/contract\/operaciones-integrales-de-contract-colectividades\/"},{"@type":"ListItem","position":4,"name":"Comprehensive contract operations for restaurants"}]},{"@type":"WebSite","@id":"https:\/\/decomat.com\/ca\/#website","url":"https:\/\/decomat.com\/ca\/","name":"decomat","description":"Mat\u00e9riau d\u00e9coratif","potentialAction":[{"@type":"SearchAction","target":{"@type":"EntryPoint","urlTemplate":"https:\/\/decomat.com\/ca\/?s={search_term_string}"},"query-input":{"@type":"PropertyValueSpecification","valueRequired":true,"valueName":"search_term_string"}}],"inLanguage":"fr-FR"}]}},"_links":{"self":[{"href":"https:\/\/decomat.com\/fr\/wp-json\/wp\/v2\/pages\/4006","targetHints":{"allow":["GET"]}}],"collection":[{"href":"https:\/\/decomat.com\/fr\/wp-json\/wp\/v2\/pages"}],"about":[{"href":"https:\/\/decomat.com\/fr\/wp-json\/wp\/v2\/types\/page"}],"author":[{"embeddable":true,"href":"https:\/\/decomat.com\/fr\/wp-json\/wp\/v2\/users\/8979"}],"replies":[{"embeddable":true,"href":"https:\/\/decomat.com\/fr\/wp-json\/wp\/v2\/comments?post=4006"}],"version-history":[{"count":1,"href":"https:\/\/decomat.com\/fr\/wp-json\/wp\/v2\/pages\/4006\/revisions"}],"predecessor-version":[{"id":4007,"href":"https:\/\/decomat.com\/fr\/wp-json\/wp\/v2\/pages\/4006\/revisions\/4007"}],"up":[{"embeddable":true,"href":"https:\/\/decomat.com\/fr\/wp-json\/wp\/v2\/pages\/3942"}],"wp:attachment":[{"href":"https:\/\/decomat.com\/fr\/wp-json\/wp\/v2\/media?parent=4006"}],"curies":[{"name":"wp","href":"https:\/\/api.w.org\/{rel}","templated":true}]}}