{"id":4854,"date":"2012-11-06T13:50:56","date_gmt":"2012-11-06T11:50:56","guid":{"rendered":"http:\/\/www.decomat.com\/?page_id=4854"},"modified":"2017-04-08T18:54:25","modified_gmt":"2017-04-08T16:54:25","slug":"enchufes-para-cargar-coche-electrico-en-gestion-parking-comunitario","status":"publish","type":"page","link":"https:\/\/decomat.com\/fr\/comunidades\/enchufes-para-cargar-coche-electrico-en-gestion-parking-comunitario\/","title":{"rendered":"Supports pour le chargement de voiture el\u00e9ctrique de gestion de stationement communaut\u00e9"},"content":{"rendered":"<h1>Supports pour le chargement de voiture el\u00e9ctrique de gestion de stationement communaut\u00e9<\/h1>","protected":false},"excerpt":{"rendered":"<p>Supports pour le chargement de voiture el\u00e9ctrique de gestion de stationement communaut\u00e9<\/p>\n","protected":false},"author":8979,"featured_media":0,"parent":712,"menu_order":0,"comment_status":"open","ping_status":"closed","template":"","meta":{"_monsterinsights_skip_tracking":false,"_monsterinsights_sitenote_active":false,"_monsterinsights_sitenote_note":"","_monsterinsights_sitenote_category":0,"ngg_post_thumbnail":0,"footnotes":""},"class_list":["post-4854","page","type-page","status-publish","hentry"],"yoast_head":"<!-- This site is optimized with the Yoast SEO plugin v27.3 - https:\/\/yoast.com\/product\/yoast-seo-wordpress\/ -->\n<title>Supports pour le chargement de voiture el\u00e9ctrique de gestion de stationement communaut\u00e9 - decomat<\/title>\n<meta name=\"robots\" content=\"index, follow, max-snippet:-1, max-image-preview:large, max-video-preview:-1\" \/>\n<link rel=\"canonical\" href=\"https:\/\/decomat.com\/es\/comunidades\/enchufes-para-cargar-coche-electrico-en-gestion-parking-comunitario\/\" \/>\n<meta property=\"og:locale\" content=\"fr_FR\" \/>\n<meta property=\"og:type\" content=\"article\" \/>\n<meta property=\"og:title\" content=\"Supports pour le chargement de voiture el\u00e9ctrique de gestion de stationement communaut\u00e9 - decomat\" \/>\n<meta property=\"og:description\" content=\"Supports pour le chargement de voiture el\u00e9ctrique de gestion de stationement communaut\u00e9\" \/>\n<meta property=\"og:url\" content=\"https:\/\/decomat.com\/es\/comunidades\/enchufes-para-cargar-coche-electrico-en-gestion-parking-comunitario\/\" \/>\n<meta property=\"og:site_name\" content=\"decomat\" \/>\n<meta property=\"article:modified_time\" content=\"2017-04-08T16:54:25+00:00\" \/>\n<meta name=\"twitter:card\" content=\"summary_large_image\" \/>\n<meta name=\"twitter:label1\" content=\"Dur\u00e9e de lecture estim\u00e9e\" \/>\n\t<meta name=\"twitter:data1\" content=\"2 minutes\" \/>\n<script type=\"application\/ld+json\" class=\"yoast-schema-graph\">{\"@context\":\"https:\\\/\\\/schema.org\",\"@graph\":[{\"@type\":\"WebPage\",\"@id\":\"https:\\\/\\\/decomat.com\\\/es\\\/comunidades\\\/enchufes-para-cargar-coche-electrico-en-gestion-parking-comunitario\\\/\",\"url\":\"https:\\\/\\\/decomat.com\\\/es\\\/comunidades\\\/enchufes-para-cargar-coche-electrico-en-gestion-parking-comunitario\\\/\",\"name\":\"Supports pour le chargement de voiture el\u00e9ctrique de gestion de stationement communaut\u00e9 - decomat\",\"isPartOf\":{\"@id\":\"https:\\\/\\\/decomat.com\\\/ca\\\/#website\"},\"datePublished\":\"2012-11-06T11:50:56+00:00\",\"dateModified\":\"2017-04-08T16:54:25+00:00\",\"breadcrumb\":{\"@id\":\"https:\\\/\\\/decomat.com\\\/es\\\/comunidades\\\/enchufes-para-cargar-coche-electrico-en-gestion-parking-comunitario\\\/#breadcrumb\"},\"inLanguage\":\"fr-FR\",\"potentialAction\":[{\"@type\":\"ReadAction\",\"target\":[\"https:\\\/\\\/decomat.com\\\/es\\\/comunidades\\\/enchufes-para-cargar-coche-electrico-en-gestion-parking-comunitario\\\/\"]}]},{\"@type\":\"BreadcrumbList\",\"@id\":\"https:\\\/\\\/decomat.com\\\/es\\\/comunidades\\\/enchufes-para-cargar-coche-electrico-en-gestion-parking-comunitario\\\/#breadcrumb\",\"itemListElement\":[{\"@type\":\"ListItem\",\"position\":1,\"name\":\"Portada\",\"item\":\"https:\\\/\\\/decomat.com\\\/ca\\\/\"},{\"@type\":\"ListItem\",\"position\":2,\"name\":\"Comunidades\",\"item\":\"https:\\\/\\\/decomat.com\\\/es\\\/comunidades\\\/\"},{\"@type\":\"ListItem\",\"position\":3,\"name\":\"Enchufes para carga coche el\u00e9ctrico en gesti\u00f3n parking comunitario\"}]},{\"@type\":\"WebSite\",\"@id\":\"https:\\\/\\\/decomat.com\\\/ca\\\/#website\",\"url\":\"https:\\\/\\\/decomat.com\\\/ca\\\/\",\"name\":\"decomat\",\"description\":\"Mat\u00e9riau d\u00e9coratif\",\"potentialAction\":[{\"@type\":\"SearchAction\",\"target\":{\"@type\":\"EntryPoint\",\"urlTemplate\":\"https:\\\/\\\/decomat.com\\\/ca\\\/?s={search_term_string}\"},\"query-input\":{\"@type\":\"PropertyValueSpecification\",\"valueRequired\":true,\"valueName\":\"search_term_string\"}}],\"inLanguage\":\"fr-FR\"}]}<\/script>\n<!-- \/ Yoast SEO plugin. -->","yoast_head_json":{"title":"Supports pour le chargement de voiture el\u00e9ctrique de gestion de stationement communaut\u00e9 - decomat","robots":{"index":"index","follow":"follow","max-snippet":"max-snippet:-1","max-image-preview":"max-image-preview:large","max-video-preview":"max-video-preview:-1"},"canonical":"https:\/\/decomat.com\/es\/comunidades\/enchufes-para-cargar-coche-electrico-en-gestion-parking-comunitario\/","og_locale":"fr_FR","og_type":"article","og_title":"Supports pour le chargement de voiture el\u00e9ctrique de gestion de stationement communaut\u00e9 - decomat","og_description":"Supports pour le chargement de voiture el\u00e9ctrique de gestion de stationement communaut\u00e9","og_url":"https:\/\/decomat.com\/es\/comunidades\/enchufes-para-cargar-coche-electrico-en-gestion-parking-comunitario\/","og_site_name":"decomat","article_modified_time":"2017-04-08T16:54:25+00:00","twitter_card":"summary_large_image","twitter_misc":{"Dur\u00e9e de lecture estim\u00e9e":"2 minutes"},"schema":{"@context":"https:\/\/schema.org","@graph":[{"@type":"WebPage","@id":"https:\/\/decomat.com\/es\/comunidades\/enchufes-para-cargar-coche-electrico-en-gestion-parking-comunitario\/","url":"https:\/\/decomat.com\/es\/comunidades\/enchufes-para-cargar-coche-electrico-en-gestion-parking-comunitario\/","name":"Supports pour le chargement de voiture el\u00e9ctrique de gestion de stationement communaut\u00e9 - decomat","isPartOf":{"@id":"https:\/\/decomat.com\/ca\/#website"},"datePublished":"2012-11-06T11:50:56+00:00","dateModified":"2017-04-08T16:54:25+00:00","breadcrumb":{"@id":"https:\/\/decomat.com\/es\/comunidades\/enchufes-para-cargar-coche-electrico-en-gestion-parking-comunitario\/#breadcrumb"},"inLanguage":"fr-FR","potentialAction":[{"@type":"ReadAction","target":["https:\/\/decomat.com\/es\/comunidades\/enchufes-para-cargar-coche-electrico-en-gestion-parking-comunitario\/"]}]},{"@type":"BreadcrumbList","@id":"https:\/\/decomat.com\/es\/comunidades\/enchufes-para-cargar-coche-electrico-en-gestion-parking-comunitario\/#breadcrumb","itemListElement":[{"@type":"ListItem","position":1,"name":"Portada","item":"https:\/\/decomat.com\/ca\/"},{"@type":"ListItem","position":2,"name":"Comunidades","item":"https:\/\/decomat.com\/es\/comunidades\/"},{"@type":"ListItem","position":3,"name":"Enchufes para carga coche el\u00e9ctrico en gesti\u00f3n parking comunitario"}]},{"@type":"WebSite","@id":"https:\/\/decomat.com\/ca\/#website","url":"https:\/\/decomat.com\/ca\/","name":"decomat","description":"Mat\u00e9riau d\u00e9coratif","potentialAction":[{"@type":"SearchAction","target":{"@type":"EntryPoint","urlTemplate":"https:\/\/decomat.com\/ca\/?s={search_term_string}"},"query-input":{"@type":"PropertyValueSpecification","valueRequired":true,"valueName":"search_term_string"}}],"inLanguage":"fr-FR"}]}},"_links":{"self":[{"href":"https:\/\/decomat.com\/fr\/wp-json\/wp\/v2\/pages\/4854","targetHints":{"allow":["GET"]}}],"collection":[{"href":"https:\/\/decomat.com\/fr\/wp-json\/wp\/v2\/pages"}],"about":[{"href":"https:\/\/decomat.com\/fr\/wp-json\/wp\/v2\/types\/page"}],"author":[{"embeddable":true,"href":"https:\/\/decomat.com\/fr\/wp-json\/wp\/v2\/users\/8979"}],"replies":[{"embeddable":true,"href":"https:\/\/decomat.com\/fr\/wp-json\/wp\/v2\/comments?post=4854"}],"version-history":[{"count":8,"href":"https:\/\/decomat.com\/fr\/wp-json\/wp\/v2\/pages\/4854\/revisions"}],"predecessor-version":[{"id":6783,"href":"https:\/\/decomat.com\/fr\/wp-json\/wp\/v2\/pages\/4854\/revisions\/6783"}],"up":[{"embeddable":true,"href":"https:\/\/decomat.com\/fr\/wp-json\/wp\/v2\/pages\/712"}],"wp:attachment":[{"href":"https:\/\/decomat.com\/fr\/wp-json\/wp\/v2\/media?parent=4854"}],"curies":[{"name":"wp","href":"https:\/\/api.w.org\/{rel}","templated":true}]}}