{"id":5220,"date":"2013-01-20T22:31:29","date_gmt":"2013-01-20T20:31:29","guid":{"rendered":"http:\/\/www.decomat.com\/?page_id=5220"},"modified":"2013-01-20T22:31:29","modified_gmt":"2013-01-20T20:31:29","slug":"materiales-decoracion-blandos","status":"publish","type":"page","link":"https:\/\/decomat.com\/fr\/materiales\/buscar-materiales\/segun-las-propiedades-sensoriales\/materiales-decoracion-blandos\/","title":{"rendered":"Mat\u00e9riaux d\u00e9coration souple"},"content":{"rendered":"<p><\/p>\n<h1>Mat\u00e9riaux d\u00e9coration souple<\/h1>\n<p><\/p>","protected":false},"excerpt":{"rendered":"<p>Mat\u00e9riaux d\u00e9coration souple<\/p>\n","protected":false},"author":8979,"featured_media":0,"parent":5215,"menu_order":0,"comment_status":"open","ping_status":"closed","template":"","meta":{"_monsterinsights_skip_tracking":false,"_monsterinsights_sitenote_active":false,"_monsterinsights_sitenote_note":"","_monsterinsights_sitenote_category":0,"ngg_post_thumbnail":0,"footnotes":""},"class_list":["post-5220","page","type-page","status-publish","hentry"],"yoast_head":"<!-- This site is optimized with the Yoast SEO plugin v27.3 - https:\/\/yoast.com\/product\/yoast-seo-wordpress\/ -->\n<title>Mat\u00e9riaux d\u00e9coration souple - decomat<\/title>\n<meta name=\"robots\" content=\"index, follow, max-snippet:-1, max-image-preview:large, max-video-preview:-1\" \/>\n<link rel=\"canonical\" href=\"https:\/\/decomat.com\/fr\/materiales\/buscar-materiales\/segun-las-propiedades-sensoriales\/materiales-decoracion-blandos\/\" \/>\n<meta property=\"og:locale\" content=\"fr_FR\" \/>\n<meta property=\"og:type\" content=\"article\" \/>\n<meta property=\"og:title\" content=\"Mat\u00e9riaux d\u00e9coration souple - decomat\" \/>\n<meta property=\"og:description\" content=\"Mat\u00e9riaux d\u00e9coration souple\" \/>\n<meta property=\"og:url\" content=\"https:\/\/decomat.com\/fr\/materiales\/buscar-materiales\/segun-las-propiedades-sensoriales\/materiales-decoracion-blandos\/\" \/>\n<meta property=\"og:site_name\" content=\"decomat\" \/>\n<meta name=\"twitter:card\" content=\"summary_large_image\" \/>\n<script type=\"application\/ld+json\" class=\"yoast-schema-graph\">{\"@context\":\"https:\\\/\\\/schema.org\",\"@graph\":[{\"@type\":\"WebPage\",\"@id\":\"https:\\\/\\\/decomat.com\\\/fr\\\/materiales\\\/buscar-materiales\\\/segun-las-propiedades-sensoriales\\\/materiales-decoracion-blandos\\\/\",\"url\":\"https:\\\/\\\/decomat.com\\\/fr\\\/materiales\\\/buscar-materiales\\\/segun-las-propiedades-sensoriales\\\/materiales-decoracion-blandos\\\/\",\"name\":\"Mat\u00e9riaux d\u00e9coration souple - decomat\",\"isPartOf\":{\"@id\":\"https:\\\/\\\/decomat.com\\\/ca\\\/#website\"},\"datePublished\":\"2013-01-20T20:31:29+00:00\",\"breadcrumb\":{\"@id\":\"https:\\\/\\\/decomat.com\\\/fr\\\/materiales\\\/buscar-materiales\\\/segun-las-propiedades-sensoriales\\\/materiales-decoracion-blandos\\\/#breadcrumb\"},\"inLanguage\":\"fr-FR\",\"potentialAction\":[{\"@type\":\"ReadAction\",\"target\":[\"https:\\\/\\\/decomat.com\\\/fr\\\/materiales\\\/buscar-materiales\\\/segun-las-propiedades-sensoriales\\\/materiales-decoracion-blandos\\\/\"]}]},{\"@type\":\"BreadcrumbList\",\"@id\":\"https:\\\/\\\/decomat.com\\\/fr\\\/materiales\\\/buscar-materiales\\\/segun-las-propiedades-sensoriales\\\/materiales-decoracion-blandos\\\/#breadcrumb\",\"itemListElement\":[{\"@type\":\"ListItem\",\"position\":1,\"name\":\"Portada\",\"item\":\"https:\\\/\\\/decomat.com\\\/ca\\\/\"},{\"@type\":\"ListItem\",\"position\":2,\"name\":\"Materials\",\"item\":\"https:\\\/\\\/decomat.com\\\/ca\\\/materiales\\\/\"},{\"@type\":\"ListItem\",\"position\":3,\"name\":\"Cercar materials\",\"item\":\"https:\\\/\\\/decomat.com\\\/ca\\\/materiales\\\/buscar-materiales\\\/\"},{\"@type\":\"ListItem\",\"position\":4,\"name\":\"Segons les propietats sensorials\",\"item\":\"https:\\\/\\\/decomat.com\\\/ca\\\/materiales\\\/buscar-materiales\\\/segun-las-propiedades-sensoriales\\\/\"},{\"@type\":\"ListItem\",\"position\":5,\"name\":\"Mat\u00e9riaux d\u00e9coration souple\"}]},{\"@type\":\"WebSite\",\"@id\":\"https:\\\/\\\/decomat.com\\\/ca\\\/#website\",\"url\":\"https:\\\/\\\/decomat.com\\\/ca\\\/\",\"name\":\"decomat\",\"description\":\"Mat\u00e9riau d\u00e9coratif\",\"potentialAction\":[{\"@type\":\"SearchAction\",\"target\":{\"@type\":\"EntryPoint\",\"urlTemplate\":\"https:\\\/\\\/decomat.com\\\/ca\\\/?s={search_term_string}\"},\"query-input\":{\"@type\":\"PropertyValueSpecification\",\"valueRequired\":true,\"valueName\":\"search_term_string\"}}],\"inLanguage\":\"fr-FR\"}]}<\/script>\n<!-- \/ Yoast SEO plugin. -->","yoast_head_json":{"title":"Mat\u00e9riaux d\u00e9coration souple - decomat","robots":{"index":"index","follow":"follow","max-snippet":"max-snippet:-1","max-image-preview":"max-image-preview:large","max-video-preview":"max-video-preview:-1"},"canonical":"https:\/\/decomat.com\/fr\/materiales\/buscar-materiales\/segun-las-propiedades-sensoriales\/materiales-decoracion-blandos\/","og_locale":"fr_FR","og_type":"article","og_title":"Mat\u00e9riaux d\u00e9coration souple - decomat","og_description":"Mat\u00e9riaux d\u00e9coration souple","og_url":"https:\/\/decomat.com\/fr\/materiales\/buscar-materiales\/segun-las-propiedades-sensoriales\/materiales-decoracion-blandos\/","og_site_name":"decomat","twitter_card":"summary_large_image","schema":{"@context":"https:\/\/schema.org","@graph":[{"@type":"WebPage","@id":"https:\/\/decomat.com\/fr\/materiales\/buscar-materiales\/segun-las-propiedades-sensoriales\/materiales-decoracion-blandos\/","url":"https:\/\/decomat.com\/fr\/materiales\/buscar-materiales\/segun-las-propiedades-sensoriales\/materiales-decoracion-blandos\/","name":"Mat\u00e9riaux d\u00e9coration souple - decomat","isPartOf":{"@id":"https:\/\/decomat.com\/ca\/#website"},"datePublished":"2013-01-20T20:31:29+00:00","breadcrumb":{"@id":"https:\/\/decomat.com\/fr\/materiales\/buscar-materiales\/segun-las-propiedades-sensoriales\/materiales-decoracion-blandos\/#breadcrumb"},"inLanguage":"fr-FR","potentialAction":[{"@type":"ReadAction","target":["https:\/\/decomat.com\/fr\/materiales\/buscar-materiales\/segun-las-propiedades-sensoriales\/materiales-decoracion-blandos\/"]}]},{"@type":"BreadcrumbList","@id":"https:\/\/decomat.com\/fr\/materiales\/buscar-materiales\/segun-las-propiedades-sensoriales\/materiales-decoracion-blandos\/#breadcrumb","itemListElement":[{"@type":"ListItem","position":1,"name":"Portada","item":"https:\/\/decomat.com\/ca\/"},{"@type":"ListItem","position":2,"name":"Materials","item":"https:\/\/decomat.com\/ca\/materiales\/"},{"@type":"ListItem","position":3,"name":"Cercar materials","item":"https:\/\/decomat.com\/ca\/materiales\/buscar-materiales\/"},{"@type":"ListItem","position":4,"name":"Segons les propietats sensorials","item":"https:\/\/decomat.com\/ca\/materiales\/buscar-materiales\/segun-las-propiedades-sensoriales\/"},{"@type":"ListItem","position":5,"name":"Mat\u00e9riaux d\u00e9coration souple"}]},{"@type":"WebSite","@id":"https:\/\/decomat.com\/ca\/#website","url":"https:\/\/decomat.com\/ca\/","name":"decomat","description":"Mat\u00e9riau d\u00e9coratif","potentialAction":[{"@type":"SearchAction","target":{"@type":"EntryPoint","urlTemplate":"https:\/\/decomat.com\/ca\/?s={search_term_string}"},"query-input":{"@type":"PropertyValueSpecification","valueRequired":true,"valueName":"search_term_string"}}],"inLanguage":"fr-FR"}]}},"_links":{"self":[{"href":"https:\/\/decomat.com\/fr\/wp-json\/wp\/v2\/pages\/5220","targetHints":{"allow":["GET"]}}],"collection":[{"href":"https:\/\/decomat.com\/fr\/wp-json\/wp\/v2\/pages"}],"about":[{"href":"https:\/\/decomat.com\/fr\/wp-json\/wp\/v2\/types\/page"}],"author":[{"embeddable":true,"href":"https:\/\/decomat.com\/fr\/wp-json\/wp\/v2\/users\/8979"}],"replies":[{"embeddable":true,"href":"https:\/\/decomat.com\/fr\/wp-json\/wp\/v2\/comments?post=5220"}],"version-history":[{"count":1,"href":"https:\/\/decomat.com\/fr\/wp-json\/wp\/v2\/pages\/5220\/revisions"}],"predecessor-version":[{"id":5221,"href":"https:\/\/decomat.com\/fr\/wp-json\/wp\/v2\/pages\/5220\/revisions\/5221"}],"up":[{"embeddable":true,"href":"https:\/\/decomat.com\/fr\/wp-json\/wp\/v2\/pages\/5215"}],"wp:attachment":[{"href":"https:\/\/decomat.com\/fr\/wp-json\/wp\/v2\/media?parent=5220"}],"curies":[{"name":"wp","href":"https:\/\/api.w.org\/{rel}","templated":true}]}}