{"id":6044,"date":"2016-03-05T13:31:01","date_gmt":"2016-03-05T11:31:01","guid":{"rendered":"http:\/\/www.decomat.com\/?page_id=6044"},"modified":"2017-08-16T18:35:25","modified_gmt":"2017-08-16T16:35:25","slug":"certificado-de-eficiencia-energetica-edificios","status":"publish","type":"page","link":"https:\/\/decomat.com\/fr\/hogar\/certificado-de-eficiencia-energetica-edificios\/","title":{"rendered":"Certificat d&rsquo;efficacit\u00e9 \u00e9nerg\u00e9tique des b\u00e2timents"},"content":{"rendered":"<h1>Certificat d&rsquo;efficacit\u00e9 \u00e9nerg\u00e9tique des b\u00e2timents<\/h1>","protected":false},"excerpt":{"rendered":"<p>Certificat d&rsquo;efficacit\u00e9 \u00e9nerg\u00e9tique des b\u00e2timents<\/p>\n","protected":false},"author":8979,"featured_media":0,"parent":715,"menu_order":0,"comment_status":"closed","ping_status":"closed","template":"","meta":{"_monsterinsights_skip_tracking":false,"_monsterinsights_sitenote_active":false,"_monsterinsights_sitenote_note":"","_monsterinsights_sitenote_category":0,"ngg_post_thumbnail":0,"footnotes":""},"class_list":["post-6044","page","type-page","status-publish","hentry"],"yoast_head":"<!-- This site is optimized with the Yoast SEO plugin v27.4 - https:\/\/yoast.com\/product\/yoast-seo-wordpress\/ -->\n<title>Certificat d&#039;efficacit\u00e9 \u00e9nerg\u00e9tique des b\u00e2timents - decomat<\/title>\n<meta name=\"robots\" content=\"index, follow, max-snippet:-1, max-image-preview:large, max-video-preview:-1\" \/>\n<link rel=\"canonical\" href=\"https:\/\/decomat.com\/es\/hogar\/certificado-de-eficiencia-energetica-edificios\/\" \/>\n<meta property=\"og:locale\" content=\"fr_FR\" \/>\n<meta property=\"og:type\" content=\"article\" \/>\n<meta property=\"og:title\" content=\"Certificat d&#039;efficacit\u00e9 \u00e9nerg\u00e9tique des b\u00e2timents - decomat\" \/>\n<meta property=\"og:description\" content=\"Certificat d&rsquo;efficacit\u00e9 \u00e9nerg\u00e9tique des b\u00e2timents\" \/>\n<meta property=\"og:url\" content=\"https:\/\/decomat.com\/es\/hogar\/certificado-de-eficiencia-energetica-edificios\/\" \/>\n<meta property=\"og:site_name\" content=\"decomat\" \/>\n<meta property=\"article:modified_time\" content=\"2017-08-16T16:35:25+00:00\" \/>\n<meta name=\"twitter:card\" content=\"summary_large_image\" \/>\n<meta name=\"twitter:label1\" content=\"Dur\u00e9e de lecture estim\u00e9e\" \/>\n\t<meta name=\"twitter:data1\" content=\"6 minutes\" \/>\n<script type=\"application\/ld+json\" class=\"yoast-schema-graph\">{\"@context\":\"https:\\\/\\\/schema.org\",\"@graph\":[{\"@type\":\"WebPage\",\"@id\":\"https:\\\/\\\/decomat.com\\\/es\\\/hogar\\\/certificado-de-eficiencia-energetica-edificios\\\/\",\"url\":\"https:\\\/\\\/decomat.com\\\/es\\\/hogar\\\/certificado-de-eficiencia-energetica-edificios\\\/\",\"name\":\"Certificat d'efficacit\u00e9 \u00e9nerg\u00e9tique des b\u00e2timents - decomat\",\"isPartOf\":{\"@id\":\"https:\\\/\\\/decomat.com\\\/ca\\\/#website\"},\"datePublished\":\"2016-03-05T11:31:01+00:00\",\"dateModified\":\"2017-08-16T16:35:25+00:00\",\"breadcrumb\":{\"@id\":\"https:\\\/\\\/decomat.com\\\/es\\\/hogar\\\/certificado-de-eficiencia-energetica-edificios\\\/#breadcrumb\"},\"inLanguage\":\"fr-FR\",\"potentialAction\":[{\"@type\":\"ReadAction\",\"target\":[\"https:\\\/\\\/decomat.com\\\/es\\\/hogar\\\/certificado-de-eficiencia-energetica-edificios\\\/\"]}]},{\"@type\":\"BreadcrumbList\",\"@id\":\"https:\\\/\\\/decomat.com\\\/es\\\/hogar\\\/certificado-de-eficiencia-energetica-edificios\\\/#breadcrumb\",\"itemListElement\":[{\"@type\":\"ListItem\",\"position\":1,\"name\":\"Portada\",\"item\":\"https:\\\/\\\/decomat.com\\\/ca\\\/\"},{\"@type\":\"ListItem\",\"position\":2,\"name\":\"Hogar\",\"item\":\"https:\\\/\\\/decomat.com\\\/es\\\/hogar\\\/\"},{\"@type\":\"ListItem\",\"position\":3,\"name\":\"Certificado de eficiencia energ\u00e9tica de edificios\"}]},{\"@type\":\"WebSite\",\"@id\":\"https:\\\/\\\/decomat.com\\\/ca\\\/#website\",\"url\":\"https:\\\/\\\/decomat.com\\\/ca\\\/\",\"name\":\"decomat\",\"description\":\"Mat\u00e9riau d\u00e9coratif\",\"potentialAction\":[{\"@type\":\"SearchAction\",\"target\":{\"@type\":\"EntryPoint\",\"urlTemplate\":\"https:\\\/\\\/decomat.com\\\/ca\\\/?s={search_term_string}\"},\"query-input\":{\"@type\":\"PropertyValueSpecification\",\"valueRequired\":true,\"valueName\":\"search_term_string\"}}],\"inLanguage\":\"fr-FR\"}]}<\/script>\n<!-- \/ Yoast SEO plugin. -->","yoast_head_json":{"title":"Certificat d'efficacit\u00e9 \u00e9nerg\u00e9tique des b\u00e2timents - decomat","robots":{"index":"index","follow":"follow","max-snippet":"max-snippet:-1","max-image-preview":"max-image-preview:large","max-video-preview":"max-video-preview:-1"},"canonical":"https:\/\/decomat.com\/es\/hogar\/certificado-de-eficiencia-energetica-edificios\/","og_locale":"fr_FR","og_type":"article","og_title":"Certificat d'efficacit\u00e9 \u00e9nerg\u00e9tique des b\u00e2timents - decomat","og_description":"Certificat d&rsquo;efficacit\u00e9 \u00e9nerg\u00e9tique des b\u00e2timents","og_url":"https:\/\/decomat.com\/es\/hogar\/certificado-de-eficiencia-energetica-edificios\/","og_site_name":"decomat","article_modified_time":"2017-08-16T16:35:25+00:00","twitter_card":"summary_large_image","twitter_misc":{"Dur\u00e9e de lecture estim\u00e9e":"6 minutes"},"schema":{"@context":"https:\/\/schema.org","@graph":[{"@type":"WebPage","@id":"https:\/\/decomat.com\/es\/hogar\/certificado-de-eficiencia-energetica-edificios\/","url":"https:\/\/decomat.com\/es\/hogar\/certificado-de-eficiencia-energetica-edificios\/","name":"Certificat d'efficacit\u00e9 \u00e9nerg\u00e9tique des b\u00e2timents - decomat","isPartOf":{"@id":"https:\/\/decomat.com\/ca\/#website"},"datePublished":"2016-03-05T11:31:01+00:00","dateModified":"2017-08-16T16:35:25+00:00","breadcrumb":{"@id":"https:\/\/decomat.com\/es\/hogar\/certificado-de-eficiencia-energetica-edificios\/#breadcrumb"},"inLanguage":"fr-FR","potentialAction":[{"@type":"ReadAction","target":["https:\/\/decomat.com\/es\/hogar\/certificado-de-eficiencia-energetica-edificios\/"]}]},{"@type":"BreadcrumbList","@id":"https:\/\/decomat.com\/es\/hogar\/certificado-de-eficiencia-energetica-edificios\/#breadcrumb","itemListElement":[{"@type":"ListItem","position":1,"name":"Portada","item":"https:\/\/decomat.com\/ca\/"},{"@type":"ListItem","position":2,"name":"Hogar","item":"https:\/\/decomat.com\/es\/hogar\/"},{"@type":"ListItem","position":3,"name":"Certificado de eficiencia energ\u00e9tica de edificios"}]},{"@type":"WebSite","@id":"https:\/\/decomat.com\/ca\/#website","url":"https:\/\/decomat.com\/ca\/","name":"decomat","description":"Mat\u00e9riau d\u00e9coratif","potentialAction":[{"@type":"SearchAction","target":{"@type":"EntryPoint","urlTemplate":"https:\/\/decomat.com\/ca\/?s={search_term_string}"},"query-input":{"@type":"PropertyValueSpecification","valueRequired":true,"valueName":"search_term_string"}}],"inLanguage":"fr-FR"}]}},"_links":{"self":[{"href":"https:\/\/decomat.com\/fr\/wp-json\/wp\/v2\/pages\/6044","targetHints":{"allow":["GET"]}}],"collection":[{"href":"https:\/\/decomat.com\/fr\/wp-json\/wp\/v2\/pages"}],"about":[{"href":"https:\/\/decomat.com\/fr\/wp-json\/wp\/v2\/types\/page"}],"author":[{"embeddable":true,"href":"https:\/\/decomat.com\/fr\/wp-json\/wp\/v2\/users\/8979"}],"replies":[{"embeddable":true,"href":"https:\/\/decomat.com\/fr\/wp-json\/wp\/v2\/comments?post=6044"}],"version-history":[{"count":9,"href":"https:\/\/decomat.com\/fr\/wp-json\/wp\/v2\/pages\/6044\/revisions"}],"predecessor-version":[{"id":7484,"href":"https:\/\/decomat.com\/fr\/wp-json\/wp\/v2\/pages\/6044\/revisions\/7484"}],"up":[{"embeddable":true,"href":"https:\/\/decomat.com\/fr\/wp-json\/wp\/v2\/pages\/715"}],"wp:attachment":[{"href":"https:\/\/decomat.com\/fr\/wp-json\/wp\/v2\/media?parent=6044"}],"curies":[{"name":"wp","href":"https:\/\/api.w.org\/{rel}","templated":true}]}}