{"id":654,"date":"2012-04-04T16:25:16","date_gmt":"2012-04-04T16:25:16","guid":{"rendered":"http:\/\/www.decomat.com\/?page_id=654"},"modified":"2014-04-01T17:23:36","modified_gmt":"2014-04-01T15:23:36","slug":"aislante","status":"publish","type":"page","link":"https:\/\/decomat.com\/fr\/materiales\/aislante\/","title":{"rendered":"Isolation"},"content":{"rendered":"<p><\/p>\n<h1>Isolement<\/h1>\n<p>L&rsquo;isolement est essentiel pour garantir un comfort ind\u00e9pendent de la temperature et l&rsquo;humidit\u00e9 ext\u00e9rieure.<\/p>\n<p>L&rsquo;isolement conjugue comfort, respect pour l&rsquo;environnement et \u00e9pargne.<\/p>\n<p>De plus du comfort, l&rsquo;isolement peut nous rapporter un important \u00e9pargne \u00e9nergetique qui aura sa r\u00e9percusion \u00e0 la facture mensuelle du gaz et de l&rsquo;\u00e9l\u00e9ctricit\u00e9.<\/p>\n<p>D\u00e9mandez notre lists de materiaux soutenibles pour l&rsquo;isolement de la maison ou de la communaut\u00e9 de voisins.<\/p>\n<p>Dans quel but les mat\u00e9riaux d&rsquo;isolation utilis\u00e9s dans la construction?<br \/>\nLes mat\u00e9riaux d&rsquo;isolation utilis\u00e9 dans la construction en vue de prot\u00e9ger le foyer contre:<br \/>\nl&rsquo;humidit\u00e9 (l&rsquo;eau)<br \/>\nle feu (incendie)<br \/>\nchaleur et du froid (l&rsquo;air)<br \/>\nbruit<\/p>\n<p>Les fonctions de mat\u00e9riaux isolants sont alors hidr\u00f2fugues, les antit\u00e8rmiques, les antis\u00f2niques et ignifuges.<\/p>\n<p>Isoler le souci du bien-\u00eatre.<br \/>\nAm\u00e9liorer l&rsquo;efficacit\u00e9 du chauffage et de refroidissement et de r\u00e9duire les factures d&rsquo;\u00e9nergie.<\/p>\n<p>Isoler pour la protection contre le bruit<br \/>\nAbsorber les sons, la r\u00e9duction de la propagation de la protection contre le bruit optimale.<\/p>\n<p>Isoler la protection contre les incendies<br \/>\nLaine min\u00e9rale non combustible sont par la t\u00eate caract\u00e8re hydrophile, et l&rsquo;action capillaire. Elles n&rsquo;\u00e9mettent pas de fum\u00e9es toxiques.<\/p>\n<p>Pr\u00e9server les ressources naturelles<br \/>\nLes produits sont fabriqu\u00e9s avec des mat\u00e9riaux qui sont disponibles en grandes quantit\u00e9s dans la nature. Les plantes se sont engag\u00e9s \u00e0 une politique stricte en ce qui concerne l&rsquo;\u00e9limination des d\u00e9chets liquides, l&rsquo;\u00e9limination des impuret\u00e9s provenant de la fum\u00e9e, et le traitement des d\u00e9chets solides.<\/p>\n<p>Examen pour les g\u00e9n\u00e9rations futures<br \/>\nUne isolation efficace permet de r\u00e9duire les \u00e9missions de dioxyde de carbone (CO \u00b2) et le dioxyde de soufre dans l&rsquo;atmosph\u00e8re pendant plus de 50% responsable de l&rsquo;effet de serre et les pluies acides<\/p>\n<div id=\"gt-res-tools\">\n<div id=\"gt-src-tools-l\"><\/div>\n<\/div>\n<p><\/p>","protected":false},"excerpt":{"rendered":"<p>Isolement L&rsquo;isolement est essentiel pour garantir un comfort ind\u00e9pendent de la temperature et l&rsquo;humidit\u00e9 ext\u00e9rieure. L&rsquo;isolement conjugue comfort, respect pour l&rsquo;environnement et \u00e9pargne. De plus du comfort, l&rsquo;isolement peut nous rapporter un important \u00e9pargne \u00e9nergetique qui aura sa r\u00e9percusion \u00e0 la facture mensuelle du gaz et de l&rsquo;\u00e9l\u00e9ctricit\u00e9. D\u00e9mandez notre lists de materiaux soutenibles pour [&hellip;]<\/p>\n","protected":false},"author":8979,"featured_media":0,"parent":709,"menu_order":11,"comment_status":"open","ping_status":"closed","template":"","meta":{"_monsterinsights_skip_tracking":false,"_monsterinsights_sitenote_active":false,"_monsterinsights_sitenote_note":"","_monsterinsights_sitenote_category":0,"ngg_post_thumbnail":0,"footnotes":""},"class_list":["post-654","page","type-page","status-publish","hentry"],"yoast_head":"<!-- This site is optimized with the Yoast SEO plugin v27.4 - https:\/\/yoast.com\/product\/yoast-seo-wordpress\/ -->\n<title>Isolation - decomat<\/title>\n<meta name=\"robots\" content=\"index, follow, max-snippet:-1, max-image-preview:large, max-video-preview:-1\" \/>\n<link rel=\"canonical\" href=\"https:\/\/decomat.com\/en\/materiales\/aislante\/\" \/>\n<meta property=\"og:locale\" content=\"fr_FR\" \/>\n<meta property=\"og:type\" content=\"article\" \/>\n<meta property=\"og:title\" content=\"Isolation - decomat\" \/>\n<meta property=\"og:description\" content=\"Isolement L&rsquo;isolement est essentiel pour garantir un comfort ind\u00e9pendent de la temperature et l&rsquo;humidit\u00e9 ext\u00e9rieure. L&rsquo;isolement conjugue comfort, respect pour l&rsquo;environnement et \u00e9pargne. De plus du comfort, l&rsquo;isolement peut nous rapporter un important \u00e9pargne \u00e9nergetique qui aura sa r\u00e9percusion \u00e0 la facture mensuelle du gaz et de l&rsquo;\u00e9l\u00e9ctricit\u00e9. D\u00e9mandez notre lists de materiaux soutenibles pour [&hellip;]\" \/>\n<meta property=\"og:url\" content=\"https:\/\/decomat.com\/en\/materiales\/aislante\/\" \/>\n<meta property=\"og:site_name\" content=\"decomat\" \/>\n<meta property=\"article:modified_time\" content=\"2014-04-01T15:23:36+00:00\" \/>\n<meta property=\"og:image\" content=\"https:\/\/www.decomat.com\/imatges\/decomat\/materials\/aillament\/rockwool\/cat\/desertglacera.jpg\" \/>\n<meta name=\"twitter:card\" content=\"summary_large_image\" \/>\n<meta name=\"twitter:label1\" content=\"Dur\u00e9e de lecture estim\u00e9e\" \/>\n\t<meta name=\"twitter:data1\" content=\"6 minutes\" \/>\n<script type=\"application\/ld+json\" class=\"yoast-schema-graph\">{\"@context\":\"https:\\\/\\\/schema.org\",\"@graph\":[{\"@type\":\"WebPage\",\"@id\":\"https:\\\/\\\/decomat.com\\\/en\\\/materiales\\\/aislante\\\/\",\"url\":\"https:\\\/\\\/decomat.com\\\/en\\\/materiales\\\/aislante\\\/\",\"name\":\"Isolation - decomat\",\"isPartOf\":{\"@id\":\"https:\\\/\\\/decomat.com\\\/ca\\\/#website\"},\"primaryImageOfPage\":{\"@id\":\"https:\\\/\\\/decomat.com\\\/en\\\/materiales\\\/aislante\\\/#primaryimage\"},\"image\":{\"@id\":\"https:\\\/\\\/decomat.com\\\/en\\\/materiales\\\/aislante\\\/#primaryimage\"},\"thumbnailUrl\":\"https:\\\/\\\/www.decomat.com\\\/imatges\\\/decomat\\\/materials\\\/aillament\\\/rockwool\\\/cat\\\/desertglacera.jpg\",\"datePublished\":\"2012-04-04T16:25:16+00:00\",\"dateModified\":\"2014-04-01T15:23:36+00:00\",\"breadcrumb\":{\"@id\":\"https:\\\/\\\/decomat.com\\\/en\\\/materiales\\\/aislante\\\/#breadcrumb\"},\"inLanguage\":\"fr-FR\",\"potentialAction\":[{\"@type\":\"ReadAction\",\"target\":[\"https:\\\/\\\/decomat.com\\\/en\\\/materiales\\\/aislante\\\/\"]}]},{\"@type\":\"ImageObject\",\"inLanguage\":\"fr-FR\",\"@id\":\"https:\\\/\\\/decomat.com\\\/en\\\/materiales\\\/aislante\\\/#primaryimage\",\"url\":\"https:\\\/\\\/www.decomat.com\\\/imatges\\\/decomat\\\/materials\\\/aillament\\\/rockwool\\\/cat\\\/desertglacera.jpg\",\"contentUrl\":\"https:\\\/\\\/www.decomat.com\\\/imatges\\\/decomat\\\/materials\\\/aillament\\\/rockwool\\\/cat\\\/desertglacera.jpg\"},{\"@type\":\"BreadcrumbList\",\"@id\":\"https:\\\/\\\/decomat.com\\\/en\\\/materiales\\\/aislante\\\/#breadcrumb\",\"itemListElement\":[{\"@type\":\"ListItem\",\"position\":1,\"name\":\"Portada\",\"item\":\"https:\\\/\\\/decomat.com\\\/ca\\\/\"},{\"@type\":\"ListItem\",\"position\":2,\"name\":\"Materials\",\"item\":\"https:\\\/\\\/decomat.com\\\/ca\\\/materiales\\\/\"},{\"@type\":\"ListItem\",\"position\":3,\"name\":\"Isolator\"}]},{\"@type\":\"WebSite\",\"@id\":\"https:\\\/\\\/decomat.com\\\/ca\\\/#website\",\"url\":\"https:\\\/\\\/decomat.com\\\/ca\\\/\",\"name\":\"decomat\",\"description\":\"Mat\u00e9riau d\u00e9coratif\",\"potentialAction\":[{\"@type\":\"SearchAction\",\"target\":{\"@type\":\"EntryPoint\",\"urlTemplate\":\"https:\\\/\\\/decomat.com\\\/ca\\\/?s={search_term_string}\"},\"query-input\":{\"@type\":\"PropertyValueSpecification\",\"valueRequired\":true,\"valueName\":\"search_term_string\"}}],\"inLanguage\":\"fr-FR\"}]}<\/script>\n<!-- \/ Yoast SEO plugin. -->","yoast_head_json":{"title":"Isolation - decomat","robots":{"index":"index","follow":"follow","max-snippet":"max-snippet:-1","max-image-preview":"max-image-preview:large","max-video-preview":"max-video-preview:-1"},"canonical":"https:\/\/decomat.com\/en\/materiales\/aislante\/","og_locale":"fr_FR","og_type":"article","og_title":"Isolation - decomat","og_description":"Isolement L&rsquo;isolement est essentiel pour garantir un comfort ind\u00e9pendent de la temperature et l&rsquo;humidit\u00e9 ext\u00e9rieure. L&rsquo;isolement conjugue comfort, respect pour l&rsquo;environnement et \u00e9pargne. De plus du comfort, l&rsquo;isolement peut nous rapporter un important \u00e9pargne \u00e9nergetique qui aura sa r\u00e9percusion \u00e0 la facture mensuelle du gaz et de l&rsquo;\u00e9l\u00e9ctricit\u00e9. D\u00e9mandez notre lists de materiaux soutenibles pour [&hellip;]","og_url":"https:\/\/decomat.com\/en\/materiales\/aislante\/","og_site_name":"decomat","article_modified_time":"2014-04-01T15:23:36+00:00","og_image":[{"url":"https:\/\/www.decomat.com\/imatges\/decomat\/materials\/aillament\/rockwool\/cat\/desertglacera.jpg","type":"","width":"","height":""}],"twitter_card":"summary_large_image","twitter_misc":{"Dur\u00e9e de lecture estim\u00e9e":"6 minutes"},"schema":{"@context":"https:\/\/schema.org","@graph":[{"@type":"WebPage","@id":"https:\/\/decomat.com\/en\/materiales\/aislante\/","url":"https:\/\/decomat.com\/en\/materiales\/aislante\/","name":"Isolation - decomat","isPartOf":{"@id":"https:\/\/decomat.com\/ca\/#website"},"primaryImageOfPage":{"@id":"https:\/\/decomat.com\/en\/materiales\/aislante\/#primaryimage"},"image":{"@id":"https:\/\/decomat.com\/en\/materiales\/aislante\/#primaryimage"},"thumbnailUrl":"https:\/\/www.decomat.com\/imatges\/decomat\/materials\/aillament\/rockwool\/cat\/desertglacera.jpg","datePublished":"2012-04-04T16:25:16+00:00","dateModified":"2014-04-01T15:23:36+00:00","breadcrumb":{"@id":"https:\/\/decomat.com\/en\/materiales\/aislante\/#breadcrumb"},"inLanguage":"fr-FR","potentialAction":[{"@type":"ReadAction","target":["https:\/\/decomat.com\/en\/materiales\/aislante\/"]}]},{"@type":"ImageObject","inLanguage":"fr-FR","@id":"https:\/\/decomat.com\/en\/materiales\/aislante\/#primaryimage","url":"https:\/\/www.decomat.com\/imatges\/decomat\/materials\/aillament\/rockwool\/cat\/desertglacera.jpg","contentUrl":"https:\/\/www.decomat.com\/imatges\/decomat\/materials\/aillament\/rockwool\/cat\/desertglacera.jpg"},{"@type":"BreadcrumbList","@id":"https:\/\/decomat.com\/en\/materiales\/aislante\/#breadcrumb","itemListElement":[{"@type":"ListItem","position":1,"name":"Portada","item":"https:\/\/decomat.com\/ca\/"},{"@type":"ListItem","position":2,"name":"Materials","item":"https:\/\/decomat.com\/ca\/materiales\/"},{"@type":"ListItem","position":3,"name":"Isolator"}]},{"@type":"WebSite","@id":"https:\/\/decomat.com\/ca\/#website","url":"https:\/\/decomat.com\/ca\/","name":"decomat","description":"Mat\u00e9riau d\u00e9coratif","potentialAction":[{"@type":"SearchAction","target":{"@type":"EntryPoint","urlTemplate":"https:\/\/decomat.com\/ca\/?s={search_term_string}"},"query-input":{"@type":"PropertyValueSpecification","valueRequired":true,"valueName":"search_term_string"}}],"inLanguage":"fr-FR"}]}},"_links":{"self":[{"href":"https:\/\/decomat.com\/fr\/wp-json\/wp\/v2\/pages\/654","targetHints":{"allow":["GET"]}}],"collection":[{"href":"https:\/\/decomat.com\/fr\/wp-json\/wp\/v2\/pages"}],"about":[{"href":"https:\/\/decomat.com\/fr\/wp-json\/wp\/v2\/types\/page"}],"author":[{"embeddable":true,"href":"https:\/\/decomat.com\/fr\/wp-json\/wp\/v2\/users\/8979"}],"replies":[{"embeddable":true,"href":"https:\/\/decomat.com\/fr\/wp-json\/wp\/v2\/comments?post=654"}],"version-history":[{"count":21,"href":"https:\/\/decomat.com\/fr\/wp-json\/wp\/v2\/pages\/654\/revisions"}],"predecessor-version":[{"id":5527,"href":"https:\/\/decomat.com\/fr\/wp-json\/wp\/v2\/pages\/654\/revisions\/5527"}],"up":[{"embeddable":true,"href":"https:\/\/decomat.com\/fr\/wp-json\/wp\/v2\/pages\/709"}],"wp:attachment":[{"href":"https:\/\/decomat.com\/fr\/wp-json\/wp\/v2\/media?parent=654"}],"curies":[{"name":"wp","href":"https:\/\/api.w.org\/{rel}","templated":true}]}}