{"id":709,"date":"2012-04-06T08:58:16","date_gmt":"2012-04-06T08:58:16","guid":{"rendered":"http:\/\/www.decomat.com\/?page_id=709"},"modified":"2017-04-08T13:06:36","modified_gmt":"2017-04-08T11:06:36","slug":"materiales","status":"publish","type":"page","link":"https:\/\/decomat.com\/fr\/materiales\/","title":{"rendered":"Mat\u00e9riel"},"content":{"rendered":"[vc_row][vc_column][vc_column_text]Mat\u00e9riels<\/p>\n<p>En prendre la decisi\u00f3 de canviar la decoraci\u00f3 i \/ o distribuci\u00f3 de determinades zones o ambients de la casa, ens trobem amb un m\u00f3n de preguntes davant d&rsquo;un buit d&rsquo;idees i coneixements. Com reorganitzar l&rsquo;espai? De quina manera distribuir objectes i mobiliari? Quins terres, colors, textures, materials o estampats triar?<br \/>\nTotes aquestes preguntes, i moltes altres, ens fan reflexionar en la import\u00e0ncia de treballar una idea decorativa pr\u00e8via al desenvolupament del projecte pr\u00f2piament dit.<\/p>\n<p>Donem ales a la teva imaginaci\u00f3 i t&rsquo;ajudem a escollir els materials que et faran gaudir com els \u00e0ngels dels teus espais<\/p>\n[small_button text=\u00a0\u00bbCercar materials\u00a0\u00bb title=\u00a0\u00bbCerca materials\u00a0\u00bb url=\u00a0\u00bbhttps:\/\/www.decomat.com\/materiales\/buscar-materiales\/\u00a0\u00bb align=\u00a0\u00bbright\u00a0\u00bb]\n<p>Abordar la nostra tasca amb una s\u00e8rie de passos b\u00e0sics que, a m\u00e9s, ens aniran posant a to amb la terminologia espec\u00edfica.<\/p>\n<p>1 Observar i con\u00e8ixer l&rsquo;espai que anem a decorar; com \u00e9s, amb qu\u00e8 comptem, quina disposici\u00f3 t\u00e9:<\/p>\n<p>El primer pas consisteix a obtenir una idea bastant clara del lloc o \u00e0rea que volem decorar. Doncs resulta fonamental adaptar a l&rsquo;espai de qu\u00e8 disposem i, segons el que volem, \u00fanicament s&rsquo;aconsegueix partint dels elements f\u00edsics que el formen originalment. El conjunt total de l&rsquo;obra estar\u00e0 influ\u00eft per elements com l&rsquo;espai i la llum natural, adaptant-hi (en una etapa posterior) l&rsquo;elecci\u00f3 i combinaci\u00f3 del color, materials, les textures, la distribuci\u00f3 i ubicaci\u00f3 de mobles i objectes, l&rsquo;\u00fas d&rsquo;artefactes de llum, etc.<br \/>\nEn aquesta etapa necessitem prendre consci\u00e8ncia de cada un dels elements que componen l&rsquo;\u00e0rea que anem a decorar. Observant algunes q\u00fcestions podem con\u00e8ixer detalls importants sobre les possibilitats reals que ofereix l&rsquo;espai f\u00edsic. Tenir en compte, per exemple: les dimensions del lloc, qu\u00e8 parets s\u00f3n de c\u00e0rrega, explicaci\u00f3 mitgeres, si hi ha graons o desnivells, on estan ubicades les portes, on hi ha encastat armaris, sanitaris, xemeneies, interruptors, si t\u00e9 humitat o no , on s\u00f3n les finestres, quines s\u00f3n les fonts de llum natural, etc.<\/p>\n<p>2 Tenir en compte els nostres gustos i aspiracions:<\/p>\n<p>Podr\u00edem definir la decoraci\u00f3 com el proc\u00e9s de crear ambients a la mida dels qui els habiten o freq\u00fcenten, utilitzant per a aix\u00f2 recursos est\u00e8tics. Per donar amb un clar projecte decoratiu necessitem tenir en compte q\u00fcestions referents a la nostra personalitat i anhels; com som, qu\u00e8 esperem de l&rsquo;espai f\u00edsic, qu\u00e8 ens fa sentir b\u00e9, quins s\u00f3n els nostres gustos personals, les nostres aspiracions, hobbies, activitats o qualsevol altra q\u00fcesti\u00f3 relacionada a la nostra manera \u00fanica de triar la vida, de ser o sentir.<br \/>\nLa decoraci\u00f3 no contempla \u00fanicament resultats o recursos est\u00e8tics. Posseeix tamb\u00e9 un clar comprom\u00eds amb el nostre benestar, les nostres emocions i la nostra qualitat de vida.<\/p>\n<p>3 Definir usos i necessitats espec\u00edfics:<\/p>\n<p>El bon disseny d&rsquo;un espai tamb\u00e9 suposa contemplar i tenir en compte usos i necessitats espec\u00edfics. Saber, per exemple, quines activitats es desenvolupen en el lloc, quins s\u00f3n els usos que fa la fam\u00edlia d&rsquo;ell o els costums dels integrants de la casa, quines necessitats f\u00edsiques existeixen, quines s\u00f3n les nostres prioritats funcionals, etc. En altres paraules, quina \u00e9s la utilitzaci\u00f3 pr\u00e0ctica que necessitem de o volem donar a una estada en particular.<\/p>\n<p>4 Elaborar \u00ab\u00a0la idea decorativa\u00a0\u00bb i comen\u00e7ar a delinear aplicacions i elements decoratius:<\/p>\n<p>Ara podem comen\u00e7ar a definir qu\u00e8 volem aconseguir, quin ser\u00e0 el criteri general que desenvoluparem i quin estil, o estils, utilitzarem. La idea decorativa \u00e9s un clar projecte preliminar que ens permet realitzar el treball amb ordre, coher\u00e8ncia i seguretat, encara que no siguem decoradors professionals.<br \/>\nPrincipis de la Decoraci\u00f3<br \/>\nEn aquesta etapa vam comen\u00e7ar a definir colors, objectes, textures, recursos, estils, etc. A mesura que avancem en la idea decorativa, recorrem un cam\u00ed d&rsquo;elecci\u00f3 i definici\u00f3 pels diferents Principis de la Decoraci\u00f3:<\/p>\n<p>A) Definir la distribuci\u00f3 de l&rsquo;espai (1r Principi) per mitj\u00e0 de les masses-mobles, objectes i elements decoratius-(2do. Principi), d&rsquo;acord a usos i necessitats, i tenint present la circulaci\u00f3. \/ [\u00bbVeure Mobles]\nB) Triar el color (3r Principi). \/ [\u00bbVeure El Color a la Decoraci\u00f3]\nC) Seleccionar les textures que utilitzarem en mobles, superf\u00edcies i complements. Entenem per textures a la qualitat o aspecte f\u00edsic de qualsevol material emprat en la decoraci\u00f3 (ex. satinat, rug\u00f3s, mat, etc.). Hi ha un ampli ventall de materials que poden atendre a necessitats est\u00e8tiques, funcionals, de composici\u00f3, de durabilitat i de sostenibilitat.<br \/>\nD) Definir la il \u00b7 luminaci\u00f3 (4to. Principi). \/ [\u00bbVeure Il \u00b7 luminaci\u00f3]\nE) Integrar tots aquests principis buscant equilibri per mitj\u00e0 del ritme (5to. Principi)-l\u00ednies, formes i volums-.[\/vc_column_text][\/vc_column][\/vc_row]","protected":false},"excerpt":{"rendered":"<p>[vc_row][vc_column][vc_column_text]Mat\u00e9riels En prendre la decisi\u00f3 de canviar la decoraci\u00f3 i \/ o distribuci\u00f3 de determinades zones o ambients de la casa, ens trobem amb un m\u00f3n de preguntes davant d&rsquo;un buit d&rsquo;idees i coneixements. Com reorganitzar l&rsquo;espai? De quina manera distribuir objectes i mobiliari? Quins terres, colors, textures, materials o estampats triar? Totes aquestes preguntes, [&hellip;]<\/p>\n","protected":false},"author":8979,"featured_media":0,"parent":0,"menu_order":30,"comment_status":"open","ping_status":"closed","template":"","meta":{"_monsterinsights_skip_tracking":false,"_monsterinsights_sitenote_active":false,"_monsterinsights_sitenote_note":"","_monsterinsights_sitenote_category":0,"ngg_post_thumbnail":0,"footnotes":""},"class_list":["post-709","page","type-page","status-publish","hentry"],"yoast_head":"<!-- This site is optimized with the Yoast SEO plugin v27.3 - https:\/\/yoast.com\/product\/yoast-seo-wordpress\/ -->\n<title>Mat\u00e9riel - decomat<\/title>\n<meta name=\"robots\" content=\"index, follow, max-snippet:-1, max-image-preview:large, max-video-preview:-1\" \/>\n<link rel=\"canonical\" href=\"https:\/\/decomat.com\/ca\/materiales\/\" \/>\n<meta property=\"og:locale\" content=\"fr_FR\" \/>\n<meta property=\"og:type\" content=\"article\" \/>\n<meta property=\"og:title\" content=\"Mat\u00e9riel - decomat\" \/>\n<meta property=\"og:description\" content=\"[vc_row][vc_column][vc_column_text]Mat\u00e9riels En prendre la decisi\u00f3 de canviar la decoraci\u00f3 i \/ o distribuci\u00f3 de determinades zones o ambients de la casa, ens trobem amb un m\u00f3n de preguntes davant d&rsquo;un buit d&rsquo;idees i coneixements. Com reorganitzar l&rsquo;espai? De quina manera distribuir objectes i mobiliari? Quins terres, colors, textures, materials o estampats triar? Totes aquestes preguntes, [&hellip;]\" \/>\n<meta property=\"og:url\" content=\"https:\/\/decomat.com\/ca\/materiales\/\" \/>\n<meta property=\"og:site_name\" content=\"decomat\" \/>\n<meta property=\"article:modified_time\" content=\"2017-04-08T11:06:36+00:00\" \/>\n<meta property=\"og:image\" content=\"https:\/\/decomat.com\/wp-content\/uploads\/2012\/04\/angelapartament.gif\" \/>\n\t<meta property=\"og:image:width\" content=\"525\" \/>\n\t<meta property=\"og:image:height\" content=\"226\" \/>\n\t<meta property=\"og:image:type\" content=\"image\/gif\" \/>\n<meta name=\"twitter:card\" content=\"summary_large_image\" \/>\n<meta name=\"twitter:label1\" content=\"Dur\u00e9e de lecture estim\u00e9e\" \/>\n\t<meta name=\"twitter:data1\" content=\"18 minutes\" \/>\n<script type=\"application\/ld+json\" class=\"yoast-schema-graph\">{\"@context\":\"https:\\\/\\\/schema.org\",\"@graph\":[{\"@type\":\"WebPage\",\"@id\":\"https:\\\/\\\/decomat.com\\\/ca\\\/materiales\\\/\",\"url\":\"https:\\\/\\\/decomat.com\\\/ca\\\/materiales\\\/\",\"name\":\"Mat\u00e9riel - decomat\",\"isPartOf\":{\"@id\":\"https:\\\/\\\/decomat.com\\\/ca\\\/#website\"},\"primaryImageOfPage\":{\"@id\":\"https:\\\/\\\/decomat.com\\\/ca\\\/materiales\\\/#primaryimage\"},\"image\":{\"@id\":\"https:\\\/\\\/decomat.com\\\/ca\\\/materiales\\\/#primaryimage\"},\"thumbnailUrl\":\"https:\\\/\\\/www.decomat.com\\\/wp-content\\\/uploads\\\/2012\\\/04\\\/angelapartament-300x129.gif\",\"datePublished\":\"2012-04-06T08:58:16+00:00\",\"dateModified\":\"2017-04-08T11:06:36+00:00\",\"breadcrumb\":{\"@id\":\"https:\\\/\\\/decomat.com\\\/ca\\\/materiales\\\/#breadcrumb\"},\"inLanguage\":\"fr-FR\",\"potentialAction\":[{\"@type\":\"ReadAction\",\"target\":[\"https:\\\/\\\/decomat.com\\\/ca\\\/materiales\\\/\"]}]},{\"@type\":\"ImageObject\",\"inLanguage\":\"fr-FR\",\"@id\":\"https:\\\/\\\/decomat.com\\\/ca\\\/materiales\\\/#primaryimage\",\"url\":\"https:\\\/\\\/www.decomat.com\\\/wp-content\\\/uploads\\\/2012\\\/04\\\/angelapartament-300x129.gif\",\"contentUrl\":\"https:\\\/\\\/www.decomat.com\\\/wp-content\\\/uploads\\\/2012\\\/04\\\/angelapartament-300x129.gif\"},{\"@type\":\"BreadcrumbList\",\"@id\":\"https:\\\/\\\/decomat.com\\\/ca\\\/materiales\\\/#breadcrumb\",\"itemListElement\":[{\"@type\":\"ListItem\",\"position\":1,\"name\":\"Portada\",\"item\":\"https:\\\/\\\/decomat.com\\\/ca\\\/\"},{\"@type\":\"ListItem\",\"position\":2,\"name\":\"Materials\"}]},{\"@type\":\"WebSite\",\"@id\":\"https:\\\/\\\/decomat.com\\\/ca\\\/#website\",\"url\":\"https:\\\/\\\/decomat.com\\\/ca\\\/\",\"name\":\"decomat\",\"description\":\"Mat\u00e9riau d\u00e9coratif\",\"potentialAction\":[{\"@type\":\"SearchAction\",\"target\":{\"@type\":\"EntryPoint\",\"urlTemplate\":\"https:\\\/\\\/decomat.com\\\/ca\\\/?s={search_term_string}\"},\"query-input\":{\"@type\":\"PropertyValueSpecification\",\"valueRequired\":true,\"valueName\":\"search_term_string\"}}],\"inLanguage\":\"fr-FR\"}]}<\/script>\n<!-- \/ Yoast SEO plugin. -->","yoast_head_json":{"title":"Mat\u00e9riel - decomat","robots":{"index":"index","follow":"follow","max-snippet":"max-snippet:-1","max-image-preview":"max-image-preview:large","max-video-preview":"max-video-preview:-1"},"canonical":"https:\/\/decomat.com\/ca\/materiales\/","og_locale":"fr_FR","og_type":"article","og_title":"Mat\u00e9riel - decomat","og_description":"[vc_row][vc_column][vc_column_text]Mat\u00e9riels En prendre la decisi\u00f3 de canviar la decoraci\u00f3 i \/ o distribuci\u00f3 de determinades zones o ambients de la casa, ens trobem amb un m\u00f3n de preguntes davant d&rsquo;un buit d&rsquo;idees i coneixements. Com reorganitzar l&rsquo;espai? De quina manera distribuir objectes i mobiliari? Quins terres, colors, textures, materials o estampats triar? Totes aquestes preguntes, [&hellip;]","og_url":"https:\/\/decomat.com\/ca\/materiales\/","og_site_name":"decomat","article_modified_time":"2017-04-08T11:06:36+00:00","og_image":[{"width":525,"height":226,"url":"https:\/\/decomat.com\/wp-content\/uploads\/2012\/04\/angelapartament.gif","type":"image\/gif"}],"twitter_card":"summary_large_image","twitter_misc":{"Dur\u00e9e de lecture estim\u00e9e":"18 minutes"},"schema":{"@context":"https:\/\/schema.org","@graph":[{"@type":"WebPage","@id":"https:\/\/decomat.com\/ca\/materiales\/","url":"https:\/\/decomat.com\/ca\/materiales\/","name":"Mat\u00e9riel - decomat","isPartOf":{"@id":"https:\/\/decomat.com\/ca\/#website"},"primaryImageOfPage":{"@id":"https:\/\/decomat.com\/ca\/materiales\/#primaryimage"},"image":{"@id":"https:\/\/decomat.com\/ca\/materiales\/#primaryimage"},"thumbnailUrl":"https:\/\/www.decomat.com\/wp-content\/uploads\/2012\/04\/angelapartament-300x129.gif","datePublished":"2012-04-06T08:58:16+00:00","dateModified":"2017-04-08T11:06:36+00:00","breadcrumb":{"@id":"https:\/\/decomat.com\/ca\/materiales\/#breadcrumb"},"inLanguage":"fr-FR","potentialAction":[{"@type":"ReadAction","target":["https:\/\/decomat.com\/ca\/materiales\/"]}]},{"@type":"ImageObject","inLanguage":"fr-FR","@id":"https:\/\/decomat.com\/ca\/materiales\/#primaryimage","url":"https:\/\/www.decomat.com\/wp-content\/uploads\/2012\/04\/angelapartament-300x129.gif","contentUrl":"https:\/\/www.decomat.com\/wp-content\/uploads\/2012\/04\/angelapartament-300x129.gif"},{"@type":"BreadcrumbList","@id":"https:\/\/decomat.com\/ca\/materiales\/#breadcrumb","itemListElement":[{"@type":"ListItem","position":1,"name":"Portada","item":"https:\/\/decomat.com\/ca\/"},{"@type":"ListItem","position":2,"name":"Materials"}]},{"@type":"WebSite","@id":"https:\/\/decomat.com\/ca\/#website","url":"https:\/\/decomat.com\/ca\/","name":"decomat","description":"Mat\u00e9riau d\u00e9coratif","potentialAction":[{"@type":"SearchAction","target":{"@type":"EntryPoint","urlTemplate":"https:\/\/decomat.com\/ca\/?s={search_term_string}"},"query-input":{"@type":"PropertyValueSpecification","valueRequired":true,"valueName":"search_term_string"}}],"inLanguage":"fr-FR"}]}},"_links":{"self":[{"href":"https:\/\/decomat.com\/fr\/wp-json\/wp\/v2\/pages\/709","targetHints":{"allow":["GET"]}}],"collection":[{"href":"https:\/\/decomat.com\/fr\/wp-json\/wp\/v2\/pages"}],"about":[{"href":"https:\/\/decomat.com\/fr\/wp-json\/wp\/v2\/types\/page"}],"author":[{"embeddable":true,"href":"https:\/\/decomat.com\/fr\/wp-json\/wp\/v2\/users\/8979"}],"replies":[{"embeddable":true,"href":"https:\/\/decomat.com\/fr\/wp-json\/wp\/v2\/comments?post=709"}],"version-history":[{"count":55,"href":"https:\/\/decomat.com\/fr\/wp-json\/wp\/v2\/pages\/709\/revisions"}],"predecessor-version":[{"id":6733,"href":"https:\/\/decomat.com\/fr\/wp-json\/wp\/v2\/pages\/709\/revisions\/6733"}],"wp:attachment":[{"href":"https:\/\/decomat.com\/fr\/wp-json\/wp\/v2\/media?parent=709"}],"curies":[{"name":"wp","href":"https:\/\/api.w.org\/{rel}","templated":true}]}}