{"id":715,"date":"2012-04-06T09:07:57","date_gmt":"2012-04-06T09:07:57","guid":{"rendered":"http:\/\/www.decomat.com\/?page_id=715"},"modified":"2017-08-16T18:33:55","modified_gmt":"2017-08-16T16:33:55","slug":"hogar","status":"publish","type":"page","link":"https:\/\/decomat.com\/fr\/hogar\/","title":{"rendered":"Maison"},"content":{"rendered":"<h1>Maison<\/h1>\n<p><a class=\"custom-frame alignleft frame-shadow\" style=\"display: inline !important;\" href=\"https:\/\/www.decomat.com\/wp-content\/uploads\/2012\/04\/header_photo_res_solar_couple.jpg\"><img loading=\"lazy\" decoding=\"async\" class=\"alignnone wp-image-6700 size-medium\" title=\"Llar\" src=\"https:\/\/www.decomat.com\/wp-content\/uploads\/2012\/04\/header_photo_res_solar_couple-300x105.jpg\" alt=\"llar parella\" width=\"300\" height=\"105\" srcset=\"https:\/\/decomat.com\/wp-content\/uploads\/2012\/04\/header_photo_res_solar_couple-300x105.jpg 300w, https:\/\/decomat.com\/wp-content\/uploads\/2012\/04\/header_photo_res_solar_couple-330x115.jpg 330w, https:\/\/decomat.com\/wp-content\/uploads\/2012\/04\/header_photo_res_solar_couple-414x145.jpg 414w, https:\/\/decomat.com\/wp-content\/uploads\/2012\/04\/header_photo_res_solar_couple.jpg 509w\" sizes=\"auto, (max-width: 300px) 100vw, 300px\" \/><\/a>La maison est les espaces int\u00e9rieurs de partager du temps avec les gens avec qui nous vivons, o\u00f9 nous nous sommes repos\u00e9s et o\u00f9 nous passons une partie importante de nos jours.<\/p>\n<p>Pour cette raison, l&rsquo;int\u00e9rieur de notre maison devrait \u00eatre un espace con\u00e7u \u00e0 notre mesure, que nous aimons, pour montrer notre personnalit\u00e9, confortable, fonctionnel et de r\u00e9pondre \u00e0 nos attentes.<\/p>\n<p>Des espaces o\u00f9 la d\u00e9coration, les mat\u00e9riaux, les textures, les styles, l&rsquo;\u00e9clairage, la distribution, &#8230;. tenu compte des souhaits de notre maison. Ici vous pouvez trouver des id\u00e9es et des conseils pour tout ce qui concerne les pi\u00e8ces d&rsquo;espaces pour d\u00e9corer votre maison avec un design int\u00e9rieur, l&rsquo;ordre et de bon go\u00fbt.<\/p>\n<p>&nbsp;","protected":false},"excerpt":{"rendered":"<p>Maison La maison est les espaces int\u00e9rieurs de partager du temps avec les gens avec qui nous vivons, o\u00f9 nous nous sommes repos\u00e9s et o\u00f9 nous passons une partie importante de nos jours. Pour cette raison, l&rsquo;int\u00e9rieur de notre maison devrait \u00eatre un espace con\u00e7u \u00e0 notre mesure, que nous aimons, pour montrer notre personnalit\u00e9, [&hellip;]<\/p>\n","protected":false},"author":8979,"featured_media":0,"parent":0,"menu_order":22,"comment_status":"open","ping_status":"closed","template":"","meta":{"_monsterinsights_skip_tracking":false,"_monsterinsights_sitenote_active":false,"_monsterinsights_sitenote_note":"","_monsterinsights_sitenote_category":0,"ngg_post_thumbnail":0,"footnotes":""},"class_list":["post-715","page","type-page","status-publish","hentry"],"yoast_head":"<!-- This site is optimized with the Yoast SEO plugin v27.3 - https:\/\/yoast.com\/product\/yoast-seo-wordpress\/ -->\n<title>Maison - decomat<\/title>\n<meta name=\"robots\" content=\"index, follow, max-snippet:-1, max-image-preview:large, max-video-preview:-1\" \/>\n<link rel=\"canonical\" href=\"https:\/\/decomat.com\/es\/hogar\/\" \/>\n<meta property=\"og:locale\" content=\"fr_FR\" \/>\n<meta property=\"og:type\" content=\"article\" \/>\n<meta property=\"og:title\" content=\"Maison - decomat\" \/>\n<meta property=\"og:description\" content=\"Maison La maison est les espaces int\u00e9rieurs de partager du temps avec les gens avec qui nous vivons, o\u00f9 nous nous sommes repos\u00e9s et o\u00f9 nous passons une partie importante de nos jours. Pour cette raison, l&rsquo;int\u00e9rieur de notre maison devrait \u00eatre un espace con\u00e7u \u00e0 notre mesure, que nous aimons, pour montrer notre personnalit\u00e9, [&hellip;]\" \/>\n<meta property=\"og:url\" content=\"https:\/\/decomat.com\/es\/hogar\/\" \/>\n<meta property=\"og:site_name\" content=\"decomat\" \/>\n<meta property=\"article:modified_time\" content=\"2017-08-16T16:33:55+00:00\" \/>\n<meta property=\"og:image\" content=\"https:\/\/decomat.com\/wp-content\/uploads\/2012\/04\/header_photo_res_solar_couple.jpg\" \/>\n\t<meta property=\"og:image:width\" content=\"509\" \/>\n\t<meta property=\"og:image:height\" content=\"178\" \/>\n\t<meta property=\"og:image:type\" content=\"image\/jpeg\" \/>\n<meta name=\"twitter:card\" content=\"summary_large_image\" \/>\n<meta name=\"twitter:label1\" content=\"Dur\u00e9e de lecture estim\u00e9e\" \/>\n\t<meta name=\"twitter:data1\" content=\"3 minutes\" \/>\n<script type=\"application\/ld+json\" class=\"yoast-schema-graph\">{\"@context\":\"https:\\\/\\\/schema.org\",\"@graph\":[{\"@type\":\"WebPage\",\"@id\":\"https:\\\/\\\/decomat.com\\\/es\\\/hogar\\\/\",\"url\":\"https:\\\/\\\/decomat.com\\\/es\\\/hogar\\\/\",\"name\":\"Maison - decomat\",\"isPartOf\":{\"@id\":\"https:\\\/\\\/decomat.com\\\/ca\\\/#website\"},\"primaryImageOfPage\":{\"@id\":\"https:\\\/\\\/decomat.com\\\/es\\\/hogar\\\/#primaryimage\"},\"image\":{\"@id\":\"https:\\\/\\\/decomat.com\\\/es\\\/hogar\\\/#primaryimage\"},\"thumbnailUrl\":\"https:\\\/\\\/www.decomat.com\\\/wp-content\\\/uploads\\\/2012\\\/04\\\/header_photo_res_solar_couple-300x105.jpg\",\"datePublished\":\"2012-04-06T09:07:57+00:00\",\"dateModified\":\"2017-08-16T16:33:55+00:00\",\"breadcrumb\":{\"@id\":\"https:\\\/\\\/decomat.com\\\/es\\\/hogar\\\/#breadcrumb\"},\"inLanguage\":\"fr-FR\",\"potentialAction\":[{\"@type\":\"ReadAction\",\"target\":[\"https:\\\/\\\/decomat.com\\\/es\\\/hogar\\\/\"]}]},{\"@type\":\"ImageObject\",\"inLanguage\":\"fr-FR\",\"@id\":\"https:\\\/\\\/decomat.com\\\/es\\\/hogar\\\/#primaryimage\",\"url\":\"https:\\\/\\\/www.decomat.com\\\/wp-content\\\/uploads\\\/2012\\\/04\\\/header_photo_res_solar_couple-300x105.jpg\",\"contentUrl\":\"https:\\\/\\\/www.decomat.com\\\/wp-content\\\/uploads\\\/2012\\\/04\\\/header_photo_res_solar_couple-300x105.jpg\"},{\"@type\":\"BreadcrumbList\",\"@id\":\"https:\\\/\\\/decomat.com\\\/es\\\/hogar\\\/#breadcrumb\",\"itemListElement\":[{\"@type\":\"ListItem\",\"position\":1,\"name\":\"Portada\",\"item\":\"https:\\\/\\\/decomat.com\\\/ca\\\/\"},{\"@type\":\"ListItem\",\"position\":2,\"name\":\"Hogar\"}]},{\"@type\":\"WebSite\",\"@id\":\"https:\\\/\\\/decomat.com\\\/ca\\\/#website\",\"url\":\"https:\\\/\\\/decomat.com\\\/ca\\\/\",\"name\":\"decomat\",\"description\":\"Mat\u00e9riau d\u00e9coratif\",\"potentialAction\":[{\"@type\":\"SearchAction\",\"target\":{\"@type\":\"EntryPoint\",\"urlTemplate\":\"https:\\\/\\\/decomat.com\\\/ca\\\/?s={search_term_string}\"},\"query-input\":{\"@type\":\"PropertyValueSpecification\",\"valueRequired\":true,\"valueName\":\"search_term_string\"}}],\"inLanguage\":\"fr-FR\"}]}<\/script>\n<!-- \/ Yoast SEO plugin. -->","yoast_head_json":{"title":"Maison - decomat","robots":{"index":"index","follow":"follow","max-snippet":"max-snippet:-1","max-image-preview":"max-image-preview:large","max-video-preview":"max-video-preview:-1"},"canonical":"https:\/\/decomat.com\/es\/hogar\/","og_locale":"fr_FR","og_type":"article","og_title":"Maison - decomat","og_description":"Maison La maison est les espaces int\u00e9rieurs de partager du temps avec les gens avec qui nous vivons, o\u00f9 nous nous sommes repos\u00e9s et o\u00f9 nous passons une partie importante de nos jours. Pour cette raison, l&rsquo;int\u00e9rieur de notre maison devrait \u00eatre un espace con\u00e7u \u00e0 notre mesure, que nous aimons, pour montrer notre personnalit\u00e9, [&hellip;]","og_url":"https:\/\/decomat.com\/es\/hogar\/","og_site_name":"decomat","article_modified_time":"2017-08-16T16:33:55+00:00","og_image":[{"width":509,"height":178,"url":"https:\/\/decomat.com\/wp-content\/uploads\/2012\/04\/header_photo_res_solar_couple.jpg","type":"image\/jpeg"}],"twitter_card":"summary_large_image","twitter_misc":{"Dur\u00e9e de lecture estim\u00e9e":"3 minutes"},"schema":{"@context":"https:\/\/schema.org","@graph":[{"@type":"WebPage","@id":"https:\/\/decomat.com\/es\/hogar\/","url":"https:\/\/decomat.com\/es\/hogar\/","name":"Maison - decomat","isPartOf":{"@id":"https:\/\/decomat.com\/ca\/#website"},"primaryImageOfPage":{"@id":"https:\/\/decomat.com\/es\/hogar\/#primaryimage"},"image":{"@id":"https:\/\/decomat.com\/es\/hogar\/#primaryimage"},"thumbnailUrl":"https:\/\/www.decomat.com\/wp-content\/uploads\/2012\/04\/header_photo_res_solar_couple-300x105.jpg","datePublished":"2012-04-06T09:07:57+00:00","dateModified":"2017-08-16T16:33:55+00:00","breadcrumb":{"@id":"https:\/\/decomat.com\/es\/hogar\/#breadcrumb"},"inLanguage":"fr-FR","potentialAction":[{"@type":"ReadAction","target":["https:\/\/decomat.com\/es\/hogar\/"]}]},{"@type":"ImageObject","inLanguage":"fr-FR","@id":"https:\/\/decomat.com\/es\/hogar\/#primaryimage","url":"https:\/\/www.decomat.com\/wp-content\/uploads\/2012\/04\/header_photo_res_solar_couple-300x105.jpg","contentUrl":"https:\/\/www.decomat.com\/wp-content\/uploads\/2012\/04\/header_photo_res_solar_couple-300x105.jpg"},{"@type":"BreadcrumbList","@id":"https:\/\/decomat.com\/es\/hogar\/#breadcrumb","itemListElement":[{"@type":"ListItem","position":1,"name":"Portada","item":"https:\/\/decomat.com\/ca\/"},{"@type":"ListItem","position":2,"name":"Hogar"}]},{"@type":"WebSite","@id":"https:\/\/decomat.com\/ca\/#website","url":"https:\/\/decomat.com\/ca\/","name":"decomat","description":"Mat\u00e9riau d\u00e9coratif","potentialAction":[{"@type":"SearchAction","target":{"@type":"EntryPoint","urlTemplate":"https:\/\/decomat.com\/ca\/?s={search_term_string}"},"query-input":{"@type":"PropertyValueSpecification","valueRequired":true,"valueName":"search_term_string"}}],"inLanguage":"fr-FR"}]}},"_links":{"self":[{"href":"https:\/\/decomat.com\/fr\/wp-json\/wp\/v2\/pages\/715","targetHints":{"allow":["GET"]}}],"collection":[{"href":"https:\/\/decomat.com\/fr\/wp-json\/wp\/v2\/pages"}],"about":[{"href":"https:\/\/decomat.com\/fr\/wp-json\/wp\/v2\/types\/page"}],"author":[{"embeddable":true,"href":"https:\/\/decomat.com\/fr\/wp-json\/wp\/v2\/users\/8979"}],"replies":[{"embeddable":true,"href":"https:\/\/decomat.com\/fr\/wp-json\/wp\/v2\/comments?post=715"}],"version-history":[{"count":14,"href":"https:\/\/decomat.com\/fr\/wp-json\/wp\/v2\/pages\/715\/revisions"}],"predecessor-version":[{"id":6703,"href":"https:\/\/decomat.com\/fr\/wp-json\/wp\/v2\/pages\/715\/revisions\/6703"}],"wp:attachment":[{"href":"https:\/\/decomat.com\/fr\/wp-json\/wp\/v2\/media?parent=715"}],"curies":[{"name":"wp","href":"https:\/\/api.w.org\/{rel}","templated":true}]}}