{"id":7638,"date":"2017-08-18T23:50:52","date_gmt":"2017-08-18T21:50:52","guid":{"rendered":"http:\/\/www.decomat.com\/?page_id=7638"},"modified":"2017-08-19T00:04:29","modified_gmt":"2017-08-18T22:04:29","slug":"instalacion-pavimentos-decorativos-locales","status":"publish","type":"page","link":"https:\/\/decomat.com\/fr\/conocenos\/presentacion\/servicios-y-garantias\/instalaciones\/instalacion-pavimentos-decorativos-locales\/","title":{"rendered":"Installation des rev\u00eatements d\u00e9coratifs pour locaux"},"content":{"rendered":"<h1>Installation des rev\u00eatements d\u00e9coratifs pour locaux<\/h1>","protected":false},"excerpt":{"rendered":"<p>Installation des rev\u00eatements d\u00e9coratifs pour locaux<\/p>\n","protected":false},"author":8979,"featured_media":0,"parent":7612,"menu_order":0,"comment_status":"closed","ping_status":"closed","template":"","meta":{"_monsterinsights_skip_tracking":false,"_monsterinsights_sitenote_active":false,"_monsterinsights_sitenote_note":"","_monsterinsights_sitenote_category":0,"ngg_post_thumbnail":0,"footnotes":""},"class_list":["post-7638","page","type-page","status-publish","hentry"],"yoast_head":"<!-- This site is optimized with the Yoast SEO plugin v27.3 - https:\/\/yoast.com\/product\/yoast-seo-wordpress\/ -->\n<title>Installation des rev\u00eatements d\u00e9coratifs pour locaux - decomat<\/title>\n<meta name=\"robots\" content=\"index, follow, max-snippet:-1, max-image-preview:large, max-video-preview:-1\" \/>\n<link rel=\"canonical\" href=\"https:\/\/decomat.com\/en\/conocenos\/presentacion\/servicios-y-garantias\/instalaciones\/instalacion-pavimentos-decorativos-locales\/\" \/>\n<meta property=\"og:locale\" content=\"fr_FR\" \/>\n<meta property=\"og:type\" content=\"article\" \/>\n<meta property=\"og:title\" content=\"Installation des rev\u00eatements d\u00e9coratifs pour locaux - decomat\" \/>\n<meta property=\"og:description\" content=\"Installation des rev\u00eatements d\u00e9coratifs pour locaux\" \/>\n<meta property=\"og:url\" content=\"https:\/\/decomat.com\/en\/conocenos\/presentacion\/servicios-y-garantias\/instalaciones\/instalacion-pavimentos-decorativos-locales\/\" \/>\n<meta property=\"og:site_name\" content=\"decomat\" \/>\n<meta property=\"article:modified_time\" content=\"2017-08-18T22:04:29+00:00\" \/>\n<meta name=\"twitter:card\" content=\"summary_large_image\" \/>\n<script type=\"application\/ld+json\" class=\"yoast-schema-graph\">{\"@context\":\"https:\\\/\\\/schema.org\",\"@graph\":[{\"@type\":\"WebPage\",\"@id\":\"https:\\\/\\\/decomat.com\\\/en\\\/conocenos\\\/presentacion\\\/servicios-y-garantias\\\/instalaciones\\\/instalacion-pavimentos-decorativos-locales\\\/\",\"url\":\"https:\\\/\\\/decomat.com\\\/en\\\/conocenos\\\/presentacion\\\/servicios-y-garantias\\\/instalaciones\\\/instalacion-pavimentos-decorativos-locales\\\/\",\"name\":\"Installation des rev\u00eatements d\u00e9coratifs pour locaux - decomat\",\"isPartOf\":{\"@id\":\"https:\\\/\\\/decomat.com\\\/ca\\\/#website\"},\"datePublished\":\"2017-08-18T21:50:52+00:00\",\"dateModified\":\"2017-08-18T22:04:29+00:00\",\"breadcrumb\":{\"@id\":\"https:\\\/\\\/decomat.com\\\/en\\\/conocenos\\\/presentacion\\\/servicios-y-garantias\\\/instalaciones\\\/instalacion-pavimentos-decorativos-locales\\\/#breadcrumb\"},\"inLanguage\":\"fr-FR\",\"potentialAction\":[{\"@type\":\"ReadAction\",\"target\":[\"https:\\\/\\\/decomat.com\\\/en\\\/conocenos\\\/presentacion\\\/servicios-y-garantias\\\/instalaciones\\\/instalacion-pavimentos-decorativos-locales\\\/\"]}]},{\"@type\":\"BreadcrumbList\",\"@id\":\"https:\\\/\\\/decomat.com\\\/en\\\/conocenos\\\/presentacion\\\/servicios-y-garantias\\\/instalaciones\\\/instalacion-pavimentos-decorativos-locales\\\/#breadcrumb\",\"itemListElement\":[{\"@type\":\"ListItem\",\"position\":1,\"name\":\"Portada\",\"item\":\"https:\\\/\\\/decomat.com\\\/ca\\\/\"},{\"@type\":\"ListItem\",\"position\":2,\"name\":\"Abaut us\",\"item\":\"https:\\\/\\\/decomat.com\\\/en\\\/conocenos\\\/\"},{\"@type\":\"ListItem\",\"position\":3,\"name\":\"Abaut us \\\/ Presentation\",\"item\":\"https:\\\/\\\/decomat.com\\\/en\\\/conocenos\\\/presentacion\\\/\"},{\"@type\":\"ListItem\",\"position\":4,\"name\":\"Services and guarantees\",\"item\":\"https:\\\/\\\/decomat.com\\\/en\\\/conocenos\\\/presentacion\\\/servicios-y-garantias\\\/\"},{\"@type\":\"ListItem\",\"position\":5,\"name\":\"facilities\",\"item\":\"https:\\\/\\\/decomat.com\\\/en\\\/conocenos\\\/presentacion\\\/servicios-y-garantias\\\/instalaciones\\\/\"},{\"@type\":\"ListItem\",\"position\":6,\"name\":\"Installation of decorative flooring for shops\"}]},{\"@type\":\"WebSite\",\"@id\":\"https:\\\/\\\/decomat.com\\\/ca\\\/#website\",\"url\":\"https:\\\/\\\/decomat.com\\\/ca\\\/\",\"name\":\"decomat\",\"description\":\"Mat\u00e9riau d\u00e9coratif\",\"potentialAction\":[{\"@type\":\"SearchAction\",\"target\":{\"@type\":\"EntryPoint\",\"urlTemplate\":\"https:\\\/\\\/decomat.com\\\/ca\\\/?s={search_term_string}\"},\"query-input\":{\"@type\":\"PropertyValueSpecification\",\"valueRequired\":true,\"valueName\":\"search_term_string\"}}],\"inLanguage\":\"fr-FR\"}]}<\/script>\n<!-- \/ Yoast SEO plugin. -->","yoast_head_json":{"title":"Installation des rev\u00eatements d\u00e9coratifs pour locaux - decomat","robots":{"index":"index","follow":"follow","max-snippet":"max-snippet:-1","max-image-preview":"max-image-preview:large","max-video-preview":"max-video-preview:-1"},"canonical":"https:\/\/decomat.com\/en\/conocenos\/presentacion\/servicios-y-garantias\/instalaciones\/instalacion-pavimentos-decorativos-locales\/","og_locale":"fr_FR","og_type":"article","og_title":"Installation des rev\u00eatements d\u00e9coratifs pour locaux - decomat","og_description":"Installation des rev\u00eatements d\u00e9coratifs pour locaux","og_url":"https:\/\/decomat.com\/en\/conocenos\/presentacion\/servicios-y-garantias\/instalaciones\/instalacion-pavimentos-decorativos-locales\/","og_site_name":"decomat","article_modified_time":"2017-08-18T22:04:29+00:00","twitter_card":"summary_large_image","schema":{"@context":"https:\/\/schema.org","@graph":[{"@type":"WebPage","@id":"https:\/\/decomat.com\/en\/conocenos\/presentacion\/servicios-y-garantias\/instalaciones\/instalacion-pavimentos-decorativos-locales\/","url":"https:\/\/decomat.com\/en\/conocenos\/presentacion\/servicios-y-garantias\/instalaciones\/instalacion-pavimentos-decorativos-locales\/","name":"Installation des rev\u00eatements d\u00e9coratifs pour locaux - decomat","isPartOf":{"@id":"https:\/\/decomat.com\/ca\/#website"},"datePublished":"2017-08-18T21:50:52+00:00","dateModified":"2017-08-18T22:04:29+00:00","breadcrumb":{"@id":"https:\/\/decomat.com\/en\/conocenos\/presentacion\/servicios-y-garantias\/instalaciones\/instalacion-pavimentos-decorativos-locales\/#breadcrumb"},"inLanguage":"fr-FR","potentialAction":[{"@type":"ReadAction","target":["https:\/\/decomat.com\/en\/conocenos\/presentacion\/servicios-y-garantias\/instalaciones\/instalacion-pavimentos-decorativos-locales\/"]}]},{"@type":"BreadcrumbList","@id":"https:\/\/decomat.com\/en\/conocenos\/presentacion\/servicios-y-garantias\/instalaciones\/instalacion-pavimentos-decorativos-locales\/#breadcrumb","itemListElement":[{"@type":"ListItem","position":1,"name":"Portada","item":"https:\/\/decomat.com\/ca\/"},{"@type":"ListItem","position":2,"name":"Abaut us","item":"https:\/\/decomat.com\/en\/conocenos\/"},{"@type":"ListItem","position":3,"name":"Abaut us \/ Presentation","item":"https:\/\/decomat.com\/en\/conocenos\/presentacion\/"},{"@type":"ListItem","position":4,"name":"Services and guarantees","item":"https:\/\/decomat.com\/en\/conocenos\/presentacion\/servicios-y-garantias\/"},{"@type":"ListItem","position":5,"name":"facilities","item":"https:\/\/decomat.com\/en\/conocenos\/presentacion\/servicios-y-garantias\/instalaciones\/"},{"@type":"ListItem","position":6,"name":"Installation of decorative flooring for shops"}]},{"@type":"WebSite","@id":"https:\/\/decomat.com\/ca\/#website","url":"https:\/\/decomat.com\/ca\/","name":"decomat","description":"Mat\u00e9riau d\u00e9coratif","potentialAction":[{"@type":"SearchAction","target":{"@type":"EntryPoint","urlTemplate":"https:\/\/decomat.com\/ca\/?s={search_term_string}"},"query-input":{"@type":"PropertyValueSpecification","valueRequired":true,"valueName":"search_term_string"}}],"inLanguage":"fr-FR"}]}},"_links":{"self":[{"href":"https:\/\/decomat.com\/fr\/wp-json\/wp\/v2\/pages\/7638","targetHints":{"allow":["GET"]}}],"collection":[{"href":"https:\/\/decomat.com\/fr\/wp-json\/wp\/v2\/pages"}],"about":[{"href":"https:\/\/decomat.com\/fr\/wp-json\/wp\/v2\/types\/page"}],"author":[{"embeddable":true,"href":"https:\/\/decomat.com\/fr\/wp-json\/wp\/v2\/users\/8979"}],"replies":[{"embeddable":true,"href":"https:\/\/decomat.com\/fr\/wp-json\/wp\/v2\/comments?post=7638"}],"version-history":[{"count":6,"href":"https:\/\/decomat.com\/fr\/wp-json\/wp\/v2\/pages\/7638\/revisions"}],"predecessor-version":[{"id":7653,"href":"https:\/\/decomat.com\/fr\/wp-json\/wp\/v2\/pages\/7638\/revisions\/7653"}],"up":[{"embeddable":true,"href":"https:\/\/decomat.com\/fr\/wp-json\/wp\/v2\/pages\/7612"}],"wp:attachment":[{"href":"https:\/\/decomat.com\/fr\/wp-json\/wp\/v2\/media?parent=7638"}],"curies":[{"name":"wp","href":"https:\/\/api.w.org\/{rel}","templated":true}]}}