{"id":847,"date":"2012-04-15T15:50:04","date_gmt":"2012-04-15T15:50:04","guid":{"rendered":"http:\/\/www.decomat.com\/?page_id=847"},"modified":"2012-09-23T19:29:30","modified_gmt":"2012-09-23T17:29:30","slug":"forum","status":"publish","type":"page","link":"https:\/\/decomat.com\/fr\/conocenos\/forum\/","title":{"rendered":"Forum"},"content":{"rendered":"<p><\/p>\n<h1>Forum<\/h1>\n<p>&nbsp;<\/p>\n<p>La petite entreprise fait partie du noyau d&rsquo;un mod\u00e8le de soci\u00e9t\u00e9, la civilisation, la coh\u00e9sion et urbain, par opposition \u00e0 grosse bo\u00eete (grande surface) Ikea Sabadell.<\/p>\n<p>Sa premi\u00e8re puissance d&rsquo;achat consid\u00e9rable leur a permis d&rsquo;obtenir des prix plus favorables aupr\u00e8s de leurs fournisseurs.<\/p>\n<p>Dans une deuxi\u00e8me phase de l&rsquo;activit\u00e9 commerciale a \u00e9t\u00e9 d\u00e9plac\u00e9 vers le domaine financier. Vendre de l&rsquo;argent et fou de payer trois ou six mois au moment de l&rsquo;argent, car il \u00e9tait une bonne affaire sur le march\u00e9 interbancaire.<\/p>\n<p>Une troisi\u00e8me \u00e9tape de l&rsquo;\u00e9volution est le r\u00e9sultat de la baisse des taux, ce qui conduit \u00e0 r\u00e9gler les affaires immobili\u00e8res. Les centres commerciaux vendus ou lou\u00e9s magasins.<\/p>\n<p>Maintenant, il offre un affichage de centre apparent \u00e0 fait d&rsquo;exploiter les salles de quilles, des restaurants, go-kart, pistes, spectacles, cin\u00e9mas, etc. Afin d&rsquo;atteindre l&rsquo;agglom\u00e9ration de visiteurs.<\/p>\n<p>Ce processus vise \u00e0 maximiser les profits par quelque proc\u00e9d\u00e9 que ce coloniser et convertir le pays en une industrie extractive qui leur permettront de rapatrier les b\u00e9n\u00e9fices &#8230;. peu importe quel type de soci\u00e9t\u00e9, la civilisation, la coh\u00e9sion et le tissu urbain.<\/p>\n<p>Ikea Sabadell<\/p>\n<div id=\"gt-res-tools\">\n<div id=\"gt-src-tools-l\"><\/div>\n<\/div>\n<p><\/p>","protected":false},"excerpt":{"rendered":"<p>Forum &nbsp; La petite entreprise fait partie du noyau d&rsquo;un mod\u00e8le de soci\u00e9t\u00e9, la civilisation, la coh\u00e9sion et urbain, par opposition \u00e0 grosse bo\u00eete (grande surface) Ikea Sabadell. Sa premi\u00e8re puissance d&rsquo;achat consid\u00e9rable leur a permis d&rsquo;obtenir des prix plus favorables aupr\u00e8s de leurs fournisseurs. Dans une deuxi\u00e8me phase de l&rsquo;activit\u00e9 commerciale a \u00e9t\u00e9 d\u00e9plac\u00e9 [&hellip;]<\/p>\n","protected":false},"author":8979,"featured_media":0,"parent":1084,"menu_order":0,"comment_status":"open","ping_status":"closed","template":"","meta":{"_monsterinsights_skip_tracking":false,"_monsterinsights_sitenote_active":false,"_monsterinsights_sitenote_note":"","_monsterinsights_sitenote_category":0,"ngg_post_thumbnail":0,"footnotes":""},"class_list":["post-847","page","type-page","status-publish","hentry"],"yoast_head":"<!-- This site is optimized with the Yoast SEO plugin v27.5 - https:\/\/yoast.com\/product\/yoast-seo-wordpress\/ -->\n<title>Forum - decomat<\/title>\n<meta name=\"robots\" content=\"index, follow, max-snippet:-1, max-image-preview:large, max-video-preview:-1\" \/>\n<link rel=\"canonical\" href=\"https:\/\/decomat.com\/en\/conocenos\/forum\/\" \/>\n<meta property=\"og:locale\" content=\"fr_FR\" \/>\n<meta property=\"og:type\" content=\"article\" \/>\n<meta property=\"og:title\" content=\"Forum - decomat\" \/>\n<meta property=\"og:description\" content=\"Forum &nbsp; La petite entreprise fait partie du noyau d&rsquo;un mod\u00e8le de soci\u00e9t\u00e9, la civilisation, la coh\u00e9sion et urbain, par opposition \u00e0 grosse bo\u00eete (grande surface) Ikea Sabadell. Sa premi\u00e8re puissance d&rsquo;achat consid\u00e9rable leur a permis d&rsquo;obtenir des prix plus favorables aupr\u00e8s de leurs fournisseurs. Dans une deuxi\u00e8me phase de l&rsquo;activit\u00e9 commerciale a \u00e9t\u00e9 d\u00e9plac\u00e9 [&hellip;]\" \/>\n<meta property=\"og:url\" content=\"https:\/\/decomat.com\/en\/conocenos\/forum\/\" \/>\n<meta property=\"og:site_name\" content=\"decomat\" \/>\n<meta property=\"article:modified_time\" content=\"2012-09-23T17:29:30+00:00\" \/>\n<meta name=\"twitter:card\" content=\"summary_large_image\" \/>\n<meta name=\"twitter:label1\" content=\"Dur\u00e9e de lecture estim\u00e9e\" \/>\n\t<meta name=\"twitter:data1\" content=\"4 minutes\" \/>\n<script type=\"application\/ld+json\" class=\"yoast-schema-graph\">{\"@context\":\"https:\\\/\\\/schema.org\",\"@graph\":[{\"@type\":\"WebPage\",\"@id\":\"https:\\\/\\\/decomat.com\\\/en\\\/conocenos\\\/forum\\\/\",\"url\":\"https:\\\/\\\/decomat.com\\\/en\\\/conocenos\\\/forum\\\/\",\"name\":\"Forum - decomat\",\"isPartOf\":{\"@id\":\"https:\\\/\\\/decomat.com\\\/ca\\\/#website\"},\"datePublished\":\"2012-04-15T15:50:04+00:00\",\"dateModified\":\"2012-09-23T17:29:30+00:00\",\"breadcrumb\":{\"@id\":\"https:\\\/\\\/decomat.com\\\/en\\\/conocenos\\\/forum\\\/#breadcrumb\"},\"inLanguage\":\"fr-FR\",\"potentialAction\":[{\"@type\":\"ReadAction\",\"target\":[\"https:\\\/\\\/decomat.com\\\/en\\\/conocenos\\\/forum\\\/\"]}]},{\"@type\":\"BreadcrumbList\",\"@id\":\"https:\\\/\\\/decomat.com\\\/en\\\/conocenos\\\/forum\\\/#breadcrumb\",\"itemListElement\":[{\"@type\":\"ListItem\",\"position\":1,\"name\":\"Portada\",\"item\":\"https:\\\/\\\/decomat.com\\\/ca\\\/\"},{\"@type\":\"ListItem\",\"position\":2,\"name\":\"Abaut us\",\"item\":\"https:\\\/\\\/decomat.com\\\/en\\\/conocenos\\\/\"},{\"@type\":\"ListItem\",\"position\":3,\"name\":\"Forum\"}]},{\"@type\":\"WebSite\",\"@id\":\"https:\\\/\\\/decomat.com\\\/ca\\\/#website\",\"url\":\"https:\\\/\\\/decomat.com\\\/ca\\\/\",\"name\":\"decomat\",\"description\":\"Mat\u00e9riau d\u00e9coratif\",\"potentialAction\":[{\"@type\":\"SearchAction\",\"target\":{\"@type\":\"EntryPoint\",\"urlTemplate\":\"https:\\\/\\\/decomat.com\\\/ca\\\/?s={search_term_string}\"},\"query-input\":{\"@type\":\"PropertyValueSpecification\",\"valueRequired\":true,\"valueName\":\"search_term_string\"}}],\"inLanguage\":\"fr-FR\"}]}<\/script>\n<!-- \/ Yoast SEO plugin. -->","yoast_head_json":{"title":"Forum - decomat","robots":{"index":"index","follow":"follow","max-snippet":"max-snippet:-1","max-image-preview":"max-image-preview:large","max-video-preview":"max-video-preview:-1"},"canonical":"https:\/\/decomat.com\/en\/conocenos\/forum\/","og_locale":"fr_FR","og_type":"article","og_title":"Forum - decomat","og_description":"Forum &nbsp; La petite entreprise fait partie du noyau d&rsquo;un mod\u00e8le de soci\u00e9t\u00e9, la civilisation, la coh\u00e9sion et urbain, par opposition \u00e0 grosse bo\u00eete (grande surface) Ikea Sabadell. Sa premi\u00e8re puissance d&rsquo;achat consid\u00e9rable leur a permis d&rsquo;obtenir des prix plus favorables aupr\u00e8s de leurs fournisseurs. Dans une deuxi\u00e8me phase de l&rsquo;activit\u00e9 commerciale a \u00e9t\u00e9 d\u00e9plac\u00e9 [&hellip;]","og_url":"https:\/\/decomat.com\/en\/conocenos\/forum\/","og_site_name":"decomat","article_modified_time":"2012-09-23T17:29:30+00:00","twitter_card":"summary_large_image","twitter_misc":{"Dur\u00e9e de lecture estim\u00e9e":"4 minutes"},"schema":{"@context":"https:\/\/schema.org","@graph":[{"@type":"WebPage","@id":"https:\/\/decomat.com\/en\/conocenos\/forum\/","url":"https:\/\/decomat.com\/en\/conocenos\/forum\/","name":"Forum - decomat","isPartOf":{"@id":"https:\/\/decomat.com\/ca\/#website"},"datePublished":"2012-04-15T15:50:04+00:00","dateModified":"2012-09-23T17:29:30+00:00","breadcrumb":{"@id":"https:\/\/decomat.com\/en\/conocenos\/forum\/#breadcrumb"},"inLanguage":"fr-FR","potentialAction":[{"@type":"ReadAction","target":["https:\/\/decomat.com\/en\/conocenos\/forum\/"]}]},{"@type":"BreadcrumbList","@id":"https:\/\/decomat.com\/en\/conocenos\/forum\/#breadcrumb","itemListElement":[{"@type":"ListItem","position":1,"name":"Portada","item":"https:\/\/decomat.com\/ca\/"},{"@type":"ListItem","position":2,"name":"Abaut us","item":"https:\/\/decomat.com\/en\/conocenos\/"},{"@type":"ListItem","position":3,"name":"Forum"}]},{"@type":"WebSite","@id":"https:\/\/decomat.com\/ca\/#website","url":"https:\/\/decomat.com\/ca\/","name":"decomat","description":"Mat\u00e9riau d\u00e9coratif","potentialAction":[{"@type":"SearchAction","target":{"@type":"EntryPoint","urlTemplate":"https:\/\/decomat.com\/ca\/?s={search_term_string}"},"query-input":{"@type":"PropertyValueSpecification","valueRequired":true,"valueName":"search_term_string"}}],"inLanguage":"fr-FR"}]}},"_links":{"self":[{"href":"https:\/\/decomat.com\/fr\/wp-json\/wp\/v2\/pages\/847","targetHints":{"allow":["GET"]}}],"collection":[{"href":"https:\/\/decomat.com\/fr\/wp-json\/wp\/v2\/pages"}],"about":[{"href":"https:\/\/decomat.com\/fr\/wp-json\/wp\/v2\/types\/page"}],"author":[{"embeddable":true,"href":"https:\/\/decomat.com\/fr\/wp-json\/wp\/v2\/users\/8979"}],"replies":[{"embeddable":true,"href":"https:\/\/decomat.com\/fr\/wp-json\/wp\/v2\/comments?post=847"}],"version-history":[{"count":10,"href":"https:\/\/decomat.com\/fr\/wp-json\/wp\/v2\/pages\/847\/revisions"}],"predecessor-version":[{"id":1408,"href":"https:\/\/decomat.com\/fr\/wp-json\/wp\/v2\/pages\/847\/revisions\/1408"}],"up":[{"embeddable":true,"href":"https:\/\/decomat.com\/fr\/wp-json\/wp\/v2\/pages\/1084"}],"wp:attachment":[{"href":"https:\/\/decomat.com\/fr\/wp-json\/wp\/v2\/media?parent=847"}],"curies":[{"name":"wp","href":"https:\/\/api.w.org\/{rel}","templated":true}]}}