{"id":997,"date":"2012-04-11T16:38:01","date_gmt":"2012-04-11T16:38:01","guid":{"rendered":"http:\/\/www.decomat.com\/?page_id=997"},"modified":"2014-04-01T17:27:22","modified_gmt":"2014-04-01T15:27:22","slug":"buscar-materiales","status":"publish","type":"page","link":"https:\/\/decomat.com\/fr\/materiales\/buscar-materiales\/","title":{"rendered":"Chercher mat\u00e9riels"},"content":{"rendered":"<p><\/p>\n<h1>Chercher mat\u00e9riels<\/h1>\n<p>Ici vous pouvez trouver la solution, en diferents <a href=\"https:\/\/www.decomat.com\/fr\/materiales\/buscar-materiales\/\">mat\u00e9riels<\/a> de decoration et batiments, per vous sentir confortable en space que vous voulez decorer avec bon go\u00fbt, ordre et equilibre.<\/p>\n<p>Pour cela, vous sera necesaire savoir <a href=\"https:\/\/www.decomat.com\/fr\/conocenos\/web\/buscar-producto\/\">styl<\/a> que vouz voulez utiliser, selon votre gout particulaire et contexte de l&rsquo;espace. Mais aussi vouz devez avoir en compte <a href=\"https:\/\/www.decomat.com\/fr\/conocenos\/web\/buscar-producto\/\">tend\u00e8ncies<\/a> que marquer styls les plus utilis\u00e9s, de sorte que ne serez us sentiu c\u00f2modes vous memes, mais il ser\u00e0i un reflex de votre personalitate que aussi \u00eatre comme un poisson dans l&rsquo;eau a tout qui utilis\u00e9s l&rsquo;espace d\u00e9cor.<\/p>\n<p>Ne doutez pas \u00e0 nous <a href=\"http:\/\/\/www.decomat.com\/fr\/contacto\/\">contacte<\/a> pour tout all\u00f2 relation\u00e9 avec la decoration que vous avez besoin, nous sommes a votre disposition.<\/p>\n<p>Aussi vous pouvez:<br \/>\n1) participer \u00e0 la section: <a href=\"https:\/\/www.decomat.com\/fr\/conocenos\/forum\/\">Forum (forum<\/a>) et\/ou dans le web 2.0 (d\u00e9coration web 2.0) apportant vos connaissances, collaborant \u00e0 r\u00e9soudre ou projetant doutes.<br \/>\n2) consulter les demandes mais tu fr\u00e9quentes <a href=\"https:\/\/www.decomat.com\/fr\/conocenos\/web\/faq\/\">(faq)<\/a><\/p>\n<p>&nbsp;<\/p>","protected":false},"excerpt":{"rendered":"<p>Chercher mat\u00e9riels Ici vous pouvez trouver la solution, en diferents mat\u00e9riels de decoration et batiments, per vous sentir confortable en space que vous voulez decorer avec bon go\u00fbt, ordre et equilibre. Pour cela, vous sera necesaire savoir styl que vouz voulez utiliser, selon votre gout particulaire et contexte de l&rsquo;espace. Mais aussi vouz devez avoir [&hellip;]<\/p>\n","protected":false},"author":8979,"featured_media":0,"parent":709,"menu_order":9,"comment_status":"open","ping_status":"closed","template":"","meta":{"_monsterinsights_skip_tracking":false,"_monsterinsights_sitenote_active":false,"_monsterinsights_sitenote_note":"","_monsterinsights_sitenote_category":0,"ngg_post_thumbnail":0,"footnotes":""},"class_list":["post-997","page","type-page","status-publish","hentry"],"yoast_head":"<!-- This site is optimized with the Yoast SEO plugin v27.3 - https:\/\/yoast.com\/product\/yoast-seo-wordpress\/ -->\n<title>Chercher mat\u00e9riels - decomat<\/title>\n<meta name=\"robots\" content=\"index, follow, max-snippet:-1, max-image-preview:large, max-video-preview:-1\" \/>\n<link rel=\"canonical\" href=\"https:\/\/decomat.com\/ca\/materiales\/buscar-materiales\/\" \/>\n<meta property=\"og:locale\" content=\"fr_FR\" \/>\n<meta property=\"og:type\" content=\"article\" \/>\n<meta property=\"og:title\" content=\"Chercher mat\u00e9riels - decomat\" \/>\n<meta property=\"og:description\" content=\"Chercher mat\u00e9riels Ici vous pouvez trouver la solution, en diferents mat\u00e9riels de decoration et batiments, per vous sentir confortable en space que vous voulez decorer avec bon go\u00fbt, ordre et equilibre. Pour cela, vous sera necesaire savoir styl que vouz voulez utiliser, selon votre gout particulaire et contexte de l&rsquo;espace. Mais aussi vouz devez avoir [&hellip;]\" \/>\n<meta property=\"og:url\" content=\"https:\/\/decomat.com\/ca\/materiales\/buscar-materiales\/\" \/>\n<meta property=\"og:site_name\" content=\"decomat\" \/>\n<meta property=\"article:modified_time\" content=\"2014-04-01T15:27:22+00:00\" \/>\n<meta property=\"og:image\" content=\"https:\/\/www.decomat.com\/imatges\/decomat\/materials\/casa.jpg;%20x-mac-creator=6F676C65;%20x-mac-type=4A504547.jpeg\" \/>\n<meta name=\"twitter:card\" content=\"summary_large_image\" \/>\n<meta name=\"twitter:label1\" content=\"Dur\u00e9e de lecture estim\u00e9e\" \/>\n\t<meta name=\"twitter:data1\" content=\"4 minutes\" \/>\n<script type=\"application\/ld+json\" class=\"yoast-schema-graph\">{\"@context\":\"https:\\\/\\\/schema.org\",\"@graph\":[{\"@type\":\"WebPage\",\"@id\":\"https:\\\/\\\/decomat.com\\\/ca\\\/materiales\\\/buscar-materiales\\\/\",\"url\":\"https:\\\/\\\/decomat.com\\\/ca\\\/materiales\\\/buscar-materiales\\\/\",\"name\":\"Chercher mat\u00e9riels - decomat\",\"isPartOf\":{\"@id\":\"https:\\\/\\\/decomat.com\\\/ca\\\/#website\"},\"primaryImageOfPage\":{\"@id\":\"https:\\\/\\\/decomat.com\\\/ca\\\/materiales\\\/buscar-materiales\\\/#primaryimage\"},\"image\":{\"@id\":\"https:\\\/\\\/decomat.com\\\/ca\\\/materiales\\\/buscar-materiales\\\/#primaryimage\"},\"thumbnailUrl\":\"https:\\\/\\\/www.decomat.com\\\/imatges\\\/decomat\\\/materials\\\/cercar\\\/cat\\\/cortinamotturaarc.jpg\",\"datePublished\":\"2012-04-11T16:38:01+00:00\",\"dateModified\":\"2014-04-01T15:27:22+00:00\",\"breadcrumb\":{\"@id\":\"https:\\\/\\\/decomat.com\\\/ca\\\/materiales\\\/buscar-materiales\\\/#breadcrumb\"},\"inLanguage\":\"fr-FR\",\"potentialAction\":[{\"@type\":\"ReadAction\",\"target\":[\"https:\\\/\\\/decomat.com\\\/ca\\\/materiales\\\/buscar-materiales\\\/\"]}]},{\"@type\":\"ImageObject\",\"inLanguage\":\"fr-FR\",\"@id\":\"https:\\\/\\\/decomat.com\\\/ca\\\/materiales\\\/buscar-materiales\\\/#primaryimage\",\"url\":\"https:\\\/\\\/www.decomat.com\\\/imatges\\\/decomat\\\/materials\\\/cercar\\\/cat\\\/cortinamotturaarc.jpg\",\"contentUrl\":\"https:\\\/\\\/www.decomat.com\\\/imatges\\\/decomat\\\/materials\\\/cercar\\\/cat\\\/cortinamotturaarc.jpg\"},{\"@type\":\"BreadcrumbList\",\"@id\":\"https:\\\/\\\/decomat.com\\\/ca\\\/materiales\\\/buscar-materiales\\\/#breadcrumb\",\"itemListElement\":[{\"@type\":\"ListItem\",\"position\":1,\"name\":\"Portada\",\"item\":\"https:\\\/\\\/decomat.com\\\/ca\\\/\"},{\"@type\":\"ListItem\",\"position\":2,\"name\":\"Materials\",\"item\":\"https:\\\/\\\/decomat.com\\\/ca\\\/materiales\\\/\"},{\"@type\":\"ListItem\",\"position\":3,\"name\":\"Cercar materials\"}]},{\"@type\":\"WebSite\",\"@id\":\"https:\\\/\\\/decomat.com\\\/ca\\\/#website\",\"url\":\"https:\\\/\\\/decomat.com\\\/ca\\\/\",\"name\":\"decomat\",\"description\":\"Mat\u00e9riau d\u00e9coratif\",\"potentialAction\":[{\"@type\":\"SearchAction\",\"target\":{\"@type\":\"EntryPoint\",\"urlTemplate\":\"https:\\\/\\\/decomat.com\\\/ca\\\/?s={search_term_string}\"},\"query-input\":{\"@type\":\"PropertyValueSpecification\",\"valueRequired\":true,\"valueName\":\"search_term_string\"}}],\"inLanguage\":\"fr-FR\"}]}<\/script>\n<!-- \/ Yoast SEO plugin. -->","yoast_head_json":{"title":"Chercher mat\u00e9riels - decomat","robots":{"index":"index","follow":"follow","max-snippet":"max-snippet:-1","max-image-preview":"max-image-preview:large","max-video-preview":"max-video-preview:-1"},"canonical":"https:\/\/decomat.com\/ca\/materiales\/buscar-materiales\/","og_locale":"fr_FR","og_type":"article","og_title":"Chercher mat\u00e9riels - decomat","og_description":"Chercher mat\u00e9riels Ici vous pouvez trouver la solution, en diferents mat\u00e9riels de decoration et batiments, per vous sentir confortable en space que vous voulez decorer avec bon go\u00fbt, ordre et equilibre. Pour cela, vous sera necesaire savoir styl que vouz voulez utiliser, selon votre gout particulaire et contexte de l&rsquo;espace. Mais aussi vouz devez avoir [&hellip;]","og_url":"https:\/\/decomat.com\/ca\/materiales\/buscar-materiales\/","og_site_name":"decomat","article_modified_time":"2014-04-01T15:27:22+00:00","og_image":[{"url":"https:\/\/www.decomat.com\/imatges\/decomat\/materials\/casa.jpg; x-mac-creator=6F676C65; x-mac-type=4A504547.jpeg","type":"","width":"","height":""}],"twitter_card":"summary_large_image","twitter_misc":{"Dur\u00e9e de lecture estim\u00e9e":"4 minutes"},"schema":{"@context":"https:\/\/schema.org","@graph":[{"@type":"WebPage","@id":"https:\/\/decomat.com\/ca\/materiales\/buscar-materiales\/","url":"https:\/\/decomat.com\/ca\/materiales\/buscar-materiales\/","name":"Chercher mat\u00e9riels - decomat","isPartOf":{"@id":"https:\/\/decomat.com\/ca\/#website"},"primaryImageOfPage":{"@id":"https:\/\/decomat.com\/ca\/materiales\/buscar-materiales\/#primaryimage"},"image":{"@id":"https:\/\/decomat.com\/ca\/materiales\/buscar-materiales\/#primaryimage"},"thumbnailUrl":"https:\/\/www.decomat.com\/imatges\/decomat\/materials\/cercar\/cat\/cortinamotturaarc.jpg","datePublished":"2012-04-11T16:38:01+00:00","dateModified":"2014-04-01T15:27:22+00:00","breadcrumb":{"@id":"https:\/\/decomat.com\/ca\/materiales\/buscar-materiales\/#breadcrumb"},"inLanguage":"fr-FR","potentialAction":[{"@type":"ReadAction","target":["https:\/\/decomat.com\/ca\/materiales\/buscar-materiales\/"]}]},{"@type":"ImageObject","inLanguage":"fr-FR","@id":"https:\/\/decomat.com\/ca\/materiales\/buscar-materiales\/#primaryimage","url":"https:\/\/www.decomat.com\/imatges\/decomat\/materials\/cercar\/cat\/cortinamotturaarc.jpg","contentUrl":"https:\/\/www.decomat.com\/imatges\/decomat\/materials\/cercar\/cat\/cortinamotturaarc.jpg"},{"@type":"BreadcrumbList","@id":"https:\/\/decomat.com\/ca\/materiales\/buscar-materiales\/#breadcrumb","itemListElement":[{"@type":"ListItem","position":1,"name":"Portada","item":"https:\/\/decomat.com\/ca\/"},{"@type":"ListItem","position":2,"name":"Materials","item":"https:\/\/decomat.com\/ca\/materiales\/"},{"@type":"ListItem","position":3,"name":"Cercar materials"}]},{"@type":"WebSite","@id":"https:\/\/decomat.com\/ca\/#website","url":"https:\/\/decomat.com\/ca\/","name":"decomat","description":"Mat\u00e9riau d\u00e9coratif","potentialAction":[{"@type":"SearchAction","target":{"@type":"EntryPoint","urlTemplate":"https:\/\/decomat.com\/ca\/?s={search_term_string}"},"query-input":{"@type":"PropertyValueSpecification","valueRequired":true,"valueName":"search_term_string"}}],"inLanguage":"fr-FR"}]}},"_links":{"self":[{"href":"https:\/\/decomat.com\/fr\/wp-json\/wp\/v2\/pages\/997","targetHints":{"allow":["GET"]}}],"collection":[{"href":"https:\/\/decomat.com\/fr\/wp-json\/wp\/v2\/pages"}],"about":[{"href":"https:\/\/decomat.com\/fr\/wp-json\/wp\/v2\/types\/page"}],"author":[{"embeddable":true,"href":"https:\/\/decomat.com\/fr\/wp-json\/wp\/v2\/users\/8979"}],"replies":[{"embeddable":true,"href":"https:\/\/decomat.com\/fr\/wp-json\/wp\/v2\/comments?post=997"}],"version-history":[{"count":46,"href":"https:\/\/decomat.com\/fr\/wp-json\/wp\/v2\/pages\/997\/revisions"}],"predecessor-version":[{"id":5522,"href":"https:\/\/decomat.com\/fr\/wp-json\/wp\/v2\/pages\/997\/revisions\/5522"}],"up":[{"embeddable":true,"href":"https:\/\/decomat.com\/fr\/wp-json\/wp\/v2\/pages\/709"}],"wp:attachment":[{"href":"https:\/\/decomat.com\/fr\/wp-json\/wp\/v2\/media?parent=997"}],"curies":[{"name":"wp","href":"https:\/\/api.w.org\/{rel}","templated":true}]}}